{"id":140,"date":"2025-06-03T17:51:08","date_gmt":"2025-06-03T15:51:08","guid":{"rendered":"https:\/\/latelierdemooo.pascal-mir.fr\/?page_id=140"},"modified":"2025-06-04T08:09:50","modified_gmt":"2025-06-04T06:09:50","slug":"a-propos","status":"publish","type":"page","link":"https:\/\/www.latelierdemooo.fr\/?page_id=140","title":{"rendered":"A Propos"},"content":{"rendered":"\n<div class=\"wp-block-columns is-layout-flex wp-container-core-columns-is-layout-9d6595d7 wp-block-columns-is-layout-flex\">\n<div class=\"wp-block-column is-layout-flow wp-block-column-is-layout-flow\" style=\"flex-basis:66.66%\">\n<p><strong>Je m\u2019appelle Monique. Je vis \u00e0 Bompas, petit village dans le sud de la France, entre vergers, mara\u00eechages et garrigue.<\/strong><\/p>\n\n\n\n<p>Depuis toujours, j\u2019aime observer le monde qui m\u2019entoure : la lumi\u00e8re changeante sur les feuilles, le souffle du vent, le silence dense de la garrigue en \u00e9t\u00e9. Ce lien intime avec la nature est le fil conducteur de ma d\u00e9marche artistique. Il nourrit mon regard, mes mains, mon imaginaire.<\/p>\n\n\n\n<p>La terre est pour moi une mati\u00e8re vivante. Elle r\u00e9siste, se d\u00e9robe, se laisse apprivoiser. Elle me parle sans mots, m\u2019impose son rythme, ses exigences. Dans ce dialogue silencieux, profond et patient, je fa\u00e7onne des formes simples, organiques, inspir\u00e9es des courbes du v\u00e9g\u00e9tal, des roches ou des corps.<\/p>\n<\/div>\n\n\n\n<div class=\"wp-block-column is-layout-flow wp-block-column-is-layout-flow\" style=\"flex-basis:33.33%\">\n<figure class=\"wp-block-image size-full is-resized\"><img loading=\"lazy\" decoding=\"async\" width=\"500\" height=\"750\" src=\"http:\/\/latelierdemooo.pascal-mir.fr\/wp-content\/uploads\/2025\/06\/Mooo_sculptant.jpg\" alt=\"\" class=\"wp-image-172\" style=\"width:194px;height:auto\" srcset=\"https:\/\/www.latelierdemooo.fr\/wp-content\/uploads\/2025\/06\/Mooo_sculptant.jpg 500w, https:\/\/www.latelierdemooo.fr\/wp-content\/uploads\/2025\/06\/Mooo_sculptant-200x300.jpg 200w\" sizes=\"auto, (max-width: 500px) 100vw, 500px\" \/><\/figure>\n<\/div>\n<\/div>\n\n\n\n<p>Mon travail explore la rencontre entre la c\u00e9ramique, la sculpture et le v\u00e9g\u00e9tal. Certaines pi\u00e8ces accueillent des plantes, d\u2019autres la lumi\u00e8re ou l\u2019eau. Il y a des vides, des pleins, des traces, des f\u00ealures que je choisis de garder. Je laisse la main parler, parfois guid\u00e9e, parfois libre. J\u2019aime les textures rugueuses, les gestes r\u00e9p\u00e9t\u00e9s, les irr\u00e9gularit\u00e9s qui racontent une histoire.<\/p>\n\n\n\n<p>Chaque pi\u00e8ce est unique, fa\u00e7onn\u00e9e lentement, \u00e0 la main, sans tour. Je cherche un \u00e9quilibre fragile entre l\u2019intention et le l\u00e2cher-prise, entre la ma\u00eetrise et l\u2019accident.<\/p>\n\n\n\n<p>Bienvenue dans mon univers. Prenez le temps. Touchez du regard, \u00e9coutez avec les doigts.<\/p>\n","protected":false},"excerpt":{"rendered":"<p>Je m\u2019appelle Monique. Je vis \u00e0 Bompas, petit village dans le sud de la France, entre vergers, mara\u00eechages et garrigue. Depuis toujours, j\u2019aime observer le monde qui m\u2019entoure : la lumi\u00e8re changeante sur les feuilles, le souffle du vent, le silence dense de la garrigue en \u00e9t\u00e9. Ce lien intime avec la nature est le [&hellip;]<\/p>\n","protected":false},"author":1,"featured_media":0,"parent":0,"menu_order":0,"comment_status":"closed","ping_status":"closed","template":"","meta":{"ocean_post_layout":"","ocean_both_sidebars_style":"","ocean_both_sidebars_content_width":0,"ocean_both_sidebars_sidebars_width":0,"ocean_sidebar":"","ocean_second_sidebar":"","ocean_disable_margins":"enable","ocean_add_body_class":"","ocean_shortcode_before_top_bar":"","ocean_shortcode_after_top_bar":"","ocean_shortcode_before_header":"","ocean_shortcode_after_header":"","ocean_has_shortcode":"","ocean_shortcode_after_title":"","ocean_shortcode_before_footer_widgets":"","ocean_shortcode_after_footer_widgets":"","ocean_shortcode_before_footer_bottom":"","ocean_shortcode_after_footer_bottom":"","ocean_display_top_bar":"default","ocean_display_header":"default","ocean_header_style":"","ocean_center_header_left_menu":"","ocean_custom_header_template":"","ocean_custom_logo":0,"ocean_custom_retina_logo":0,"ocean_custom_logo_max_width":0,"ocean_custom_logo_tablet_max_width":0,"ocean_custom_logo_mobile_max_width":0,"ocean_custom_logo_max_height":0,"ocean_custom_logo_tablet_max_height":0,"ocean_custom_logo_mobile_max_height":0,"ocean_header_custom_menu":"","ocean_menu_typo_font_family":"","ocean_menu_typo_font_subset":"","ocean_menu_typo_font_size":0,"ocean_menu_typo_font_size_tablet":0,"ocean_menu_typo_font_size_mobile":0,"ocean_menu_typo_font_size_unit":"px","ocean_menu_typo_font_weight":"","ocean_menu_typo_font_weight_tablet":"","ocean_menu_typo_font_weight_mobile":"","ocean_menu_typo_transform":"","ocean_menu_typo_transform_tablet":"","ocean_menu_typo_transform_mobile":"","ocean_menu_typo_line_height":0,"ocean_menu_typo_line_height_tablet":0,"ocean_menu_typo_line_height_mobile":0,"ocean_menu_typo_line_height_unit":"","ocean_menu_typo_spacing":0,"ocean_menu_typo_spacing_tablet":0,"ocean_menu_typo_spacing_mobile":0,"ocean_menu_typo_spacing_unit":"","ocean_menu_link_color":"","ocean_menu_link_color_hover":"","ocean_menu_link_color_active":"","ocean_menu_link_background":"","ocean_menu_link_hover_background":"","ocean_menu_link_active_background":"","ocean_menu_social_links_bg":"","ocean_menu_social_hover_links_bg":"","ocean_menu_social_links_color":"","ocean_menu_social_hover_links_color":"","ocean_disable_title":"default","ocean_disable_heading":"default","ocean_post_title":"","ocean_post_subheading":"","ocean_post_title_style":"","ocean_post_title_background_color":"","ocean_post_title_background":0,"ocean_post_title_bg_image_position":"","ocean_post_title_bg_image_attachment":"","ocean_post_title_bg_image_repeat":"","ocean_post_title_bg_image_size":"","ocean_post_title_height":0,"ocean_post_title_bg_overlay":0.5,"ocean_post_title_bg_overlay_color":"","ocean_disable_breadcrumbs":"default","ocean_breadcrumbs_color":"","ocean_breadcrumbs_separator_color":"","ocean_breadcrumbs_links_color":"","ocean_breadcrumbs_links_hover_color":"","ocean_display_footer_widgets":"default","ocean_display_footer_bottom":"default","ocean_custom_footer_template":"","footnotes":""},"class_list":["post-140","page","type-page","status-publish","hentry","entry","owp-thumbs-layout-horizontal","owp-btn-normal","owp-tabs-layout-horizontal","has-no-thumbnails","has-product-nav"],"_links":{"self":[{"href":"https:\/\/www.latelierdemooo.fr\/index.php?rest_route=\/wp\/v2\/pages\/140","targetHints":{"allow":["GET"]}}],"collection":[{"href":"https:\/\/www.latelierdemooo.fr\/index.php?rest_route=\/wp\/v2\/pages"}],"about":[{"href":"https:\/\/www.latelierdemooo.fr\/index.php?rest_route=\/wp\/v2\/types\/page"}],"author":[{"embeddable":true,"href":"https:\/\/www.latelierdemooo.fr\/index.php?rest_route=\/wp\/v2\/users\/1"}],"replies":[{"embeddable":true,"href":"https:\/\/www.latelierdemooo.fr\/index.php?rest_route=%2Fwp%2Fv2%2Fcomments&post=140"}],"version-history":[{"count":7,"href":"https:\/\/www.latelierdemooo.fr\/index.php?rest_route=\/wp\/v2\/pages\/140\/revisions"}],"predecessor-version":[{"id":176,"href":"https:\/\/www.latelierdemooo.fr\/index.php?rest_route=\/wp\/v2\/pages\/140\/revisions\/176"}],"wp:attachment":[{"href":"https:\/\/www.latelierdemooo.fr\/index.php?rest_route=%2Fwp%2Fv2%2Fmedia&parent=140"}],"curies":[{"name":"wp","href":"https:\/\/api.w.org\/{rel}","templated":true}]}}