{"id":116,"date":"2025-06-03T17:03:30","date_gmt":"2025-06-03T15:03:30","guid":{"rendered":"https:\/\/latelierdemooo.pascal-mir.fr\/?post_type=product&#038;p=116"},"modified":"2026-02-10T11:38:27","modified_gmt":"2026-02-10T10:38:27","slug":"pot-songe-de-pin-email-celadon-et-gris-et-bleue","status":"publish","type":"product","link":"https:\/\/www.latelierdemooo.fr\/?product=pot-songe-de-pin-email-celadon-et-gris-et-bleue","title":{"rendered":"Pot \u201cSonge de Pin\u201d \u2013 \u00c9mail c\u00e9ladon et gris et bleue"},"content":{"rendered":"<p data-start=\"199\" data-end=\"446\">Ce pot aux courbes organiques \u00e9voque une coquille ouverte, protectrice et vivante. Son \u00e9mail c\u00e9ladon doux contraste avec une <strong data-start=\"324\" data-end=\"353\">peinture \u00e0 l\u2019oxyde cobalt<\/strong> repr\u00e9sentant un pin stylis\u00e9 \u2014 arbre de long\u00e9vit\u00e9 et de r\u00e9silience dans la culture japonaise.<\/p>\n<blockquote data-start=\"448\" data-end=\"567\">\n<p data-start=\"450\" data-end=\"567\">Les irr\u00e9gularit\u00e9s de son bord et la profondeur de l\u2019\u00e9mail rendent chaque lumi\u00e8re diff\u00e9rente, chaque angle surprenant.<\/p>\n<\/blockquote>\n<p data-start=\"569\" data-end=\"694\">Parfait pour accueillir un <strong data-start=\"596\" data-end=\"608\">Kusamono<\/strong> ou un <strong data-start=\"615\" data-end=\"628\">Shitakusa<\/strong>, ce pot devient un \u00e9crin d\u00e9licat pour mettre en sc\u00e8ne le v\u00e9g\u00e9tal.<\/p>\n<ul data-start=\"696\" data-end=\"938\">\n<li data-start=\"696\" data-end=\"741\">\n<p data-start=\"698\" data-end=\"741\">Pi\u00e8ce unique fa\u00e7onn\u00e9e et peinte \u00e0 la main<\/p>\n<\/li>\n<li data-start=\"742\" data-end=\"767\">\n<p data-start=\"744\" data-end=\"767\">Terre : gr\u00e8s chamott\u00e9<\/p>\n<\/li>\n<li data-start=\"768\" data-end=\"809\">\n<p data-start=\"770\" data-end=\"809\">Cuisson : haute temp\u00e9rature (1280\u202f\u00b0C)<\/p>\n<\/li>\n<li data-start=\"810\" data-end=\"868\">\n<p data-start=\"812\" data-end=\"868\">Finition : \u00e9mail brillant c\u00e9ladon + peinture \u00e0 l\u2019oxyde<\/p>\n<\/li>\n<li data-start=\"869\" data-end=\"907\">\n<p data-start=\"871\" data-end=\"907\">Dimensions : approx. (\u00e0 compl\u00e9ter)<\/p>\n<\/li>\n<li data-start=\"908\" data-end=\"938\">\n<p data-start=\"910\" data-end=\"938\">Usage : int\u00e9rieur \/ abrit\u00e9<\/p>\n<\/li>\n<\/ul>\n","protected":false},"excerpt":{"rendered":"<p>Ce pot aux courbes organiques \u00e9voque une coquille ouverte, protectrice et vivante. Son \u00e9mail c\u00e9ladon doux contraste avec une peinture \u00e0 l\u2019oxyde cobalt repr\u00e9sentant un pin stylis\u00e9 \u2014 arbre de long\u00e9vit\u00e9 et de r\u00e9silience dans la culture japonaise. Les irr\u00e9gularit\u00e9s de son bord et la profondeur de l\u2019\u00e9mail rendent chaque lumi\u00e8re diff\u00e9rente, chaque angle surprenant. [&hellip;]<\/p>\n","protected":false},"featured_media":117,"template":"","meta":{"ocean_post_layout":"","ocean_both_sidebars_style":"","ocean_both_sidebars_content_width":0,"ocean_both_sidebars_sidebars_width":0,"ocean_sidebar":"0","ocean_second_sidebar":"0","ocean_disable_margins":"enable","ocean_add_body_class":"","ocean_shortcode_before_top_bar":"","ocean_shortcode_after_top_bar":"","ocean_shortcode_before_header":"","ocean_shortcode_after_header":"","ocean_has_shortcode":"","ocean_shortcode_after_title":"","ocean_shortcode_before_footer_widgets":"","ocean_shortcode_after_footer_widgets":"","ocean_shortcode_before_footer_bottom":"","ocean_shortcode_after_footer_bottom":"","ocean_display_top_bar":"default","ocean_display_header":"default","ocean_header_style":"","ocean_center_header_left_menu":"0","ocean_custom_header_template":"0","ocean_custom_logo":117,"ocean_custom_retina_logo":0,"ocean_custom_logo_max_width":1,"ocean_custom_logo_tablet_max_width":1,"ocean_custom_logo_mobile_max_width":1,"ocean_custom_logo_max_height":1,"ocean_custom_logo_tablet_max_height":1,"ocean_custom_logo_mobile_max_height":1,"ocean_header_custom_menu":"0","ocean_menu_typo_font_family":"0","ocean_menu_typo_font_subset":"","ocean_menu_typo_font_size":0,"ocean_menu_typo_font_size_tablet":0,"ocean_menu_typo_font_size_mobile":0,"ocean_menu_typo_font_size_unit":"px","ocean_menu_typo_font_weight":"","ocean_menu_typo_font_weight_tablet":"","ocean_menu_typo_font_weight_mobile":"","ocean_menu_typo_transform":"","ocean_menu_typo_transform_tablet":"","ocean_menu_typo_transform_mobile":"","ocean_menu_typo_line_height":0,"ocean_menu_typo_line_height_tablet":0,"ocean_menu_typo_line_height_mobile":0,"ocean_menu_typo_line_height_unit":"","ocean_menu_typo_spacing":0,"ocean_menu_typo_spacing_tablet":0,"ocean_menu_typo_spacing_mobile":0,"ocean_menu_typo_spacing_unit":"","ocean_menu_link_color":"","ocean_menu_link_color_hover":"","ocean_menu_link_color_active":"","ocean_menu_link_background":"","ocean_menu_link_hover_background":"","ocean_menu_link_active_background":"","ocean_menu_social_links_bg":"","ocean_menu_social_hover_links_bg":"","ocean_menu_social_links_color":"","ocean_menu_social_hover_links_color":"","ocean_disable_title":"default","ocean_disable_heading":"default","ocean_post_title":"","ocean_post_subheading":"","ocean_post_title_style":"","ocean_post_title_background_color":"","ocean_post_title_background":0,"ocean_post_title_bg_image_position":"","ocean_post_title_bg_image_attachment":"","ocean_post_title_bg_image_repeat":"","ocean_post_title_bg_image_size":"","ocean_post_title_height":0,"ocean_post_title_bg_overlay":0.5,"ocean_post_title_bg_overlay_color":"","ocean_disable_breadcrumbs":"default","ocean_breadcrumbs_color":"","ocean_breadcrumbs_separator_color":"","ocean_breadcrumbs_links_color":"","ocean_breadcrumbs_links_hover_color":"","ocean_display_footer_widgets":"default","ocean_display_footer_bottom":"default","ocean_custom_footer_template":"0"},"product_brand":[],"product_cat":[18],"product_tag":[],"class_list":{"0":"post-116","1":"product","2":"type-product","3":"status-publish","4":"has-post-thumbnail","6":"product_cat-kusamonos","8":"entry","9":"has-media","11":"first","12":"outofstock","13":"shipping-taxable","14":"purchasable","15":"product-type-simple","16":"has-product-nav","17":"col","18":"span_1_of_3","19":"owp-content-center","20":"owp-thumbs-layout-horizontal","21":"owp-btn-normal","22":"owp-tabs-layout-horizontal","23":"has-no-thumbnails"},"_links":{"self":[{"href":"https:\/\/www.latelierdemooo.fr\/index.php?rest_route=\/wp\/v2\/product\/116","targetHints":{"allow":["GET"]}}],"collection":[{"href":"https:\/\/www.latelierdemooo.fr\/index.php?rest_route=\/wp\/v2\/product"}],"about":[{"href":"https:\/\/www.latelierdemooo.fr\/index.php?rest_route=\/wp\/v2\/types\/product"}],"wp:featuredmedia":[{"embeddable":true,"href":"https:\/\/www.latelierdemooo.fr\/index.php?rest_route=\/wp\/v2\/media\/117"}],"wp:attachment":[{"href":"https:\/\/www.latelierdemooo.fr\/index.php?rest_route=%2Fwp%2Fv2%2Fmedia&parent=116"}],"wp:term":[{"taxonomy":"product_brand","embeddable":true,"href":"https:\/\/www.latelierdemooo.fr\/index.php?rest_route=%2Fwp%2Fv2%2Fproduct_brand&post=116"},{"taxonomy":"product_cat","embeddable":true,"href":"https:\/\/www.latelierdemooo.fr\/index.php?rest_route=%2Fwp%2Fv2%2Fproduct_cat&post=116"},{"taxonomy":"product_tag","embeddable":true,"href":"https:\/\/www.latelierdemooo.fr\/index.php?rest_route=%2Fwp%2Fv2%2Fproduct_tag&post=116"}],"curies":[{"name":"wp","href":"https:\/\/api.w.org\/{rel}","templated":true}]}}