{"id":193,"date":"2025-07-01T11:12:26","date_gmt":"2025-07-01T09:12:26","guid":{"rendered":"https:\/\/www.latelierdemooo.fr\/?post_type=product&#038;p=193"},"modified":"2026-02-15T15:18:39","modified_gmt":"2026-02-15T14:18:39","slug":"geishas","status":"publish","type":"product","link":"https:\/\/www.latelierdemooo.fr\/?product=geishas","title":{"rendered":"Geisha"},"content":{"rendered":"<h2>\u00c9l\u00e9gance des Geishas en C\u00e9ramique<\/h2>\n<p>Cette \u0153uvre en gr\u00e9s blanc incarne la gr\u00e2ce subtile et l&rsquo;\u00e9l\u00e9gance intemporelle de l&rsquo;esth\u00e9tique japonaise. Rev\u00eatue d&rsquo;un kimono \u00e9clatant rouge, la statuette capture l&rsquo;essence d&rsquo;une geisha dans sa posture assur\u00e9e et tranquille. Le lustre brillant du verre \u00e9maill\u00e9 sur la robe contraste magnifiquement avec la texture mate du visage, cr\u00e9ant un jeu visuel riche qui attire l&rsquo;\u0153il. Le motif dor\u00e9 de l&rsquo;obi, d\u00e9licatement textur\u00e9 sur le tissu apporte une profondeur suppl\u00e9mentaire, rappelant les imprim\u00e9s traditionnels japonais.<\/p>\n<h3>Caract\u00e9ristiques et Techniques<\/h3>\n<ul>\n<li><strong>Mat\u00e9riaux :<\/strong> Argile cuite, \u00e9mail color\u00e9, perles ornementales<\/li>\n<li><strong>Technique :<\/strong> Sculpture \u00e0 la main<\/li>\n<li><strong>Dimensions :<\/strong> Environ 26 cm de hauteur<\/li>\n<\/ul>\n<p>L&rsquo;habillage du kimono avec des ornements perl\u00e9s d\u00e9peint une attention aux d\u00e9tails typique de l&rsquo;artisanat japonais. La coiffure noire distincte avec ses perles et cha\u00eenes \u00e9voque la sophistication des geishas traditionnelles, tandis que le visage sans traits donne une impression d&rsquo;universalit\u00e9 et d&rsquo;intemporalit\u00e9.<\/p>\n<h3>Contexte et Symbolisme<\/h3>\n<p>Cette pi\u00e8ce, en plus de son allure esth\u00e9tique, est un hommage aux geishas, symboles de l&rsquo;art et de la culture japonaises. La geisha, figure de la ma\u00eetrise des arts comme la musique, la danse et la conversation, est ici recontextualis\u00e9e dans une forme moderne, adapt\u00e9e \u00e0 un public contemporain tout en gardant son h\u00e9ritage culturel.<\/p>\n<p>Pr\u00e9sentation id\u00e9ale dans un d\u00e9cor minimaliste ou sur une \u00e9tag\u00e8re orn\u00e9e d&rsquo;autres \u00e9l\u00e9ments d&rsquo;art oriental, cette sculpture se pr\u00eate \u00e0 devenir le point focal de toute collection d&rsquo;art.<\/p>\n","protected":false},"excerpt":{"rendered":"<p>D\u00e9couvrez \u00ab\u00a0Geishas\u00a0\u00bb, une sculpture en c\u00e9ramique incarnant l&rsquo;\u00e9l\u00e9gance japonaise, combinant \u00e9mail rouge lumineux et ornements perl\u00e9s. Parfaite pour une collection d&rsquo;art contemporain.<\/p>\n","protected":false},"featured_media":195,"template":"","meta":{"ocean_post_layout":"","ocean_both_sidebars_style":"","ocean_both_sidebars_content_width":0,"ocean_both_sidebars_sidebars_width":0,"ocean_sidebar":"0","ocean_second_sidebar":"0","ocean_disable_margins":"enable","ocean_add_body_class":"","ocean_shortcode_before_top_bar":"","ocean_shortcode_after_top_bar":"","ocean_shortcode_before_header":"","ocean_shortcode_after_header":"","ocean_has_shortcode":"","ocean_shortcode_after_title":"","ocean_shortcode_before_footer_widgets":"","ocean_shortcode_after_footer_widgets":"","ocean_shortcode_before_footer_bottom":"","ocean_shortcode_after_footer_bottom":"","ocean_display_top_bar":"default","ocean_display_header":"default","ocean_header_style":"","ocean_center_header_left_menu":"0","ocean_custom_header_template":"0","ocean_custom_logo":194,"ocean_custom_retina_logo":0,"ocean_custom_logo_max_width":1,"ocean_custom_logo_tablet_max_width":1,"ocean_custom_logo_mobile_max_width":1,"ocean_custom_logo_max_height":1,"ocean_custom_logo_tablet_max_height":1,"ocean_custom_logo_mobile_max_height":1,"ocean_header_custom_menu":"0","ocean_menu_typo_font_family":"0","ocean_menu_typo_font_subset":"","ocean_menu_typo_font_size":0,"ocean_menu_typo_font_size_tablet":0,"ocean_menu_typo_font_size_mobile":0,"ocean_menu_typo_font_size_unit":"px","ocean_menu_typo_font_weight":"","ocean_menu_typo_font_weight_tablet":"","ocean_menu_typo_font_weight_mobile":"","ocean_menu_typo_transform":"","ocean_menu_typo_transform_tablet":"","ocean_menu_typo_transform_mobile":"","ocean_menu_typo_line_height":0,"ocean_menu_typo_line_height_tablet":0,"ocean_menu_typo_line_height_mobile":0,"ocean_menu_typo_line_height_unit":"","ocean_menu_typo_spacing":0,"ocean_menu_typo_spacing_tablet":0,"ocean_menu_typo_spacing_mobile":0,"ocean_menu_typo_spacing_unit":"","ocean_menu_link_color":"","ocean_menu_link_color_hover":"","ocean_menu_link_color_active":"","ocean_menu_link_background":"","ocean_menu_link_hover_background":"","ocean_menu_link_active_background":"","ocean_menu_social_links_bg":"","ocean_menu_social_hover_links_bg":"","ocean_menu_social_links_color":"","ocean_menu_social_hover_links_color":"","ocean_disable_title":"default","ocean_disable_heading":"default","ocean_post_title":"","ocean_post_subheading":"","ocean_post_title_style":"","ocean_post_title_background_color":"","ocean_post_title_background":0,"ocean_post_title_bg_image_position":"","ocean_post_title_bg_image_attachment":"","ocean_post_title_bg_image_repeat":"","ocean_post_title_bg_image_size":"","ocean_post_title_height":0,"ocean_post_title_bg_overlay":0.5,"ocean_post_title_bg_overlay_color":"","ocean_disable_breadcrumbs":"default","ocean_breadcrumbs_color":"","ocean_breadcrumbs_separator_color":"","ocean_breadcrumbs_links_color":"","ocean_breadcrumbs_links_hover_color":"","ocean_display_footer_widgets":"default","ocean_display_footer_bottom":"default","ocean_custom_footer_template":"0"},"product_brand":[],"product_cat":[17],"product_tag":[],"class_list":{"0":"post-193","1":"product","2":"type-product","3":"status-publish","4":"has-post-thumbnail","6":"product_cat-statues","8":"entry","9":"has-media","11":"first","12":"outofstock","13":"shipping-taxable","14":"purchasable","15":"product-type-simple","16":"has-product-nav","17":"col","18":"span_1_of_3","19":"owp-content-center","20":"owp-thumbs-layout-horizontal","21":"owp-btn-normal","22":"owp-tabs-layout-horizontal"},"_links":{"self":[{"href":"https:\/\/www.latelierdemooo.fr\/index.php?rest_route=\/wp\/v2\/product\/193","targetHints":{"allow":["GET"]}}],"collection":[{"href":"https:\/\/www.latelierdemooo.fr\/index.php?rest_route=\/wp\/v2\/product"}],"about":[{"href":"https:\/\/www.latelierdemooo.fr\/index.php?rest_route=\/wp\/v2\/types\/product"}],"wp:featuredmedia":[{"embeddable":true,"href":"https:\/\/www.latelierdemooo.fr\/index.php?rest_route=\/wp\/v2\/media\/195"}],"wp:attachment":[{"href":"https:\/\/www.latelierdemooo.fr\/index.php?rest_route=%2Fwp%2Fv2%2Fmedia&parent=193"}],"wp:term":[{"taxonomy":"product_brand","embeddable":true,"href":"https:\/\/www.latelierdemooo.fr\/index.php?rest_route=%2Fwp%2Fv2%2Fproduct_brand&post=193"},{"taxonomy":"product_cat","embeddable":true,"href":"https:\/\/www.latelierdemooo.fr\/index.php?rest_route=%2Fwp%2Fv2%2Fproduct_cat&post=193"},{"taxonomy":"product_tag","embeddable":true,"href":"https:\/\/www.latelierdemooo.fr\/index.php?rest_route=%2Fwp%2Fv2%2Fproduct_tag&post=193"}],"curies":[{"name":"wp","href":"https:\/\/api.w.org\/{rel}","templated":true}]}}