{"id":198,"date":"2025-07-01T11:20:31","date_gmt":"2025-07-01T09:20:31","guid":{"rendered":"https:\/\/www.latelierdemooo.fr\/?post_type=product&#038;p=198"},"modified":"2025-07-01T11:20:36","modified_gmt":"2025-07-01T09:20:36","slug":"poupoules","status":"publish","type":"product","link":"https:\/\/www.latelierdemooo.fr\/?product=poupoules","title":{"rendered":"Poupoules"},"content":{"rendered":"<h2>Poupoules<\/h2>\n<p>Cette \u0153uvre, intitul\u00e9e \u00ab\u00a0Poupoules,\u00a0\u00bb est une cr\u00e9ation audacieuse et ludique, repr\u00e9sentant trois figures stylis\u00e9es d&rsquo;oiseaux en c\u00e9ramique. Chaque figure arbore une personnalit\u00e9 distincte gr\u00e2ce \u00e0 un jeu de couleurs vives et de texture soigneusement travaill\u00e9e. L&rsquo;artiste a utilis\u00e9 des techniques de <strong>fa\u00efence \u00e9maill\u00e9e<\/strong>, conf\u00e9rant \u00e0 la surface une brillance qui rehausse l\u2019\u00e9clat des couleurs. Leurs corps dodus se prolongent par un bec et des ailes, peints dans une palette \u00e9clatante qui varie du bleu au rouge. <\/p>\n<p><strong>Les d\u00e9tails sculpt\u00e9s<\/strong>, tels que les yeux malicieux et les becs pro\u00e9minents, ajoutent une dimension de charme et d&rsquo;humour. La mani\u00e8re dont la lumi\u00e8re joue sur la surface lisse et lustr\u00e9e de chaque pi\u00e8ce \u00e9voque une sensation de vivacit\u00e9, presque comme si ces cr\u00e9atures pouvaient s\u2019animer \u00e0 tout moment. Cette \u0153uvre est \u00e0 la fois un hommage \u00e0 la nature et une invitation \u00e0 la r\u00eaverie, \u00e9voquant des paysages bucoliques o\u00f9 les animaux jouent un r\u00f4le central dans le folklore et l&rsquo;imaginaire collectif.<\/p>\n<p>Parfaite pour orner une \u00e9tag\u00e8re ou un espace d\u00e9di\u00e9 \u00e0 l&rsquo;art contemporain humoristique, \u00ab\u00a0Poupoules\u00a0\u00bb s&rsquo;int\u00e8gre facilement dans divers contextes d\u00e9coratifs, ajoutant une touche joyeuse et color\u00e9e \u00e0 l&rsquo;environnement. Ces sculptures captivent et amusent infailliblement, illustrant la capacit\u00e9 extraordinaire de la c\u00e9ramique \u00e0 raconter des histoires \u00e0 travers forme et couleur.<\/p>\n","protected":false},"excerpt":{"rendered":"<p>D\u00e9couvrez \u00ab\u00a0Poupoules\u00a0\u00bb, une \u0153uvre joyeuse en c\u00e9ramique \u00e9maill\u00e9e, repr\u00e9sentant des oiseaux stylis\u00e9s aux couleurs vives, parfaite pour apporter une touche d&rsquo;humour et de vie dans votre espace.<\/p>\n","protected":false},"featured_media":203,"template":"","meta":{"ocean_post_layout":"","ocean_both_sidebars_style":"","ocean_both_sidebars_content_width":0,"ocean_both_sidebars_sidebars_width":0,"ocean_sidebar":"0","ocean_second_sidebar":"0","ocean_disable_margins":"enable","ocean_add_body_class":"","ocean_shortcode_before_top_bar":"","ocean_shortcode_after_top_bar":"","ocean_shortcode_before_header":"","ocean_shortcode_after_header":"","ocean_has_shortcode":"","ocean_shortcode_after_title":"","ocean_shortcode_before_footer_widgets":"","ocean_shortcode_after_footer_widgets":"","ocean_shortcode_before_footer_bottom":"","ocean_shortcode_after_footer_bottom":"","ocean_display_top_bar":"default","ocean_display_header":"default","ocean_header_style":"","ocean_center_header_left_menu":"0","ocean_custom_header_template":"0","ocean_custom_logo":199,"ocean_custom_retina_logo":0,"ocean_custom_logo_max_width":1,"ocean_custom_logo_tablet_max_width":1,"ocean_custom_logo_mobile_max_width":1,"ocean_custom_logo_max_height":1,"ocean_custom_logo_tablet_max_height":1,"ocean_custom_logo_mobile_max_height":1,"ocean_header_custom_menu":"0","ocean_menu_typo_font_family":"0","ocean_menu_typo_font_subset":"","ocean_menu_typo_font_size":0,"ocean_menu_typo_font_size_tablet":0,"ocean_menu_typo_font_size_mobile":0,"ocean_menu_typo_font_size_unit":"px","ocean_menu_typo_font_weight":"","ocean_menu_typo_font_weight_tablet":"","ocean_menu_typo_font_weight_mobile":"","ocean_menu_typo_transform":"","ocean_menu_typo_transform_tablet":"","ocean_menu_typo_transform_mobile":"","ocean_menu_typo_line_height":0,"ocean_menu_typo_line_height_tablet":0,"ocean_menu_typo_line_height_mobile":0,"ocean_menu_typo_line_height_unit":"","ocean_menu_typo_spacing":0,"ocean_menu_typo_spacing_tablet":0,"ocean_menu_typo_spacing_mobile":0,"ocean_menu_typo_spacing_unit":"","ocean_menu_link_color":"","ocean_menu_link_color_hover":"","ocean_menu_link_color_active":"","ocean_menu_link_background":"","ocean_menu_link_hover_background":"","ocean_menu_link_active_background":"","ocean_menu_social_links_bg":"","ocean_menu_social_hover_links_bg":"","ocean_menu_social_links_color":"","ocean_menu_social_hover_links_color":"","ocean_disable_title":"default","ocean_disable_heading":"default","ocean_post_title":"","ocean_post_subheading":"","ocean_post_title_style":"","ocean_post_title_background_color":"","ocean_post_title_background":0,"ocean_post_title_bg_image_position":"","ocean_post_title_bg_image_attachment":"","ocean_post_title_bg_image_repeat":"","ocean_post_title_bg_image_size":"","ocean_post_title_height":0,"ocean_post_title_bg_overlay":0.5,"ocean_post_title_bg_overlay_color":"","ocean_disable_breadcrumbs":"default","ocean_breadcrumbs_color":"","ocean_breadcrumbs_separator_color":"","ocean_breadcrumbs_links_color":"","ocean_breadcrumbs_links_hover_color":"","ocean_display_footer_widgets":"default","ocean_display_footer_bottom":"default","ocean_custom_footer_template":"0"},"product_brand":[],"product_cat":[17],"product_tag":[],"class_list":{"0":"post-198","1":"product","2":"type-product","3":"status-publish","4":"has-post-thumbnail","6":"product_cat-statues","8":"entry","9":"has-media","11":"first","12":"outofstock","13":"shipping-taxable","14":"purchasable","15":"product-type-simple","16":"has-product-nav","17":"col","18":"span_1_of_3","19":"owp-content-center","20":"owp-thumbs-layout-horizontal","21":"owp-btn-normal","22":"owp-tabs-layout-horizontal"},"_links":{"self":[{"href":"https:\/\/www.latelierdemooo.fr\/index.php?rest_route=\/wp\/v2\/product\/198","targetHints":{"allow":["GET"]}}],"collection":[{"href":"https:\/\/www.latelierdemooo.fr\/index.php?rest_route=\/wp\/v2\/product"}],"about":[{"href":"https:\/\/www.latelierdemooo.fr\/index.php?rest_route=\/wp\/v2\/types\/product"}],"wp:featuredmedia":[{"embeddable":true,"href":"https:\/\/www.latelierdemooo.fr\/index.php?rest_route=\/wp\/v2\/media\/203"}],"wp:attachment":[{"href":"https:\/\/www.latelierdemooo.fr\/index.php?rest_route=%2Fwp%2Fv2%2Fmedia&parent=198"}],"wp:term":[{"taxonomy":"product_brand","embeddable":true,"href":"https:\/\/www.latelierdemooo.fr\/index.php?rest_route=%2Fwp%2Fv2%2Fproduct_brand&post=198"},{"taxonomy":"product_cat","embeddable":true,"href":"https:\/\/www.latelierdemooo.fr\/index.php?rest_route=%2Fwp%2Fv2%2Fproduct_cat&post=198"},{"taxonomy":"product_tag","embeddable":true,"href":"https:\/\/www.latelierdemooo.fr\/index.php?rest_route=%2Fwp%2Fv2%2Fproduct_tag&post=198"}],"curies":[{"name":"wp","href":"https:\/\/api.w.org\/{rel}","templated":true}]}}