{"id":210,"date":"2025-07-01T13:50:57","date_gmt":"2025-07-01T11:50:57","guid":{"rendered":"https:\/\/www.latelierdemooo.fr\/?post_type=product&#038;p=210"},"modified":"2025-07-01T13:51:03","modified_gmt":"2025-07-01T11:51:03","slug":"onde-sensuelle","status":"publish","type":"product","link":"https:\/\/www.latelierdemooo.fr\/?product=onde-sensuelle","title":{"rendered":"Onde sensuelle"},"content":{"rendered":"<h2>Onde sensuelle : Sculpture \u00c9vocatrice<\/h2>\n<p>La sculpture \u00ab\u00a0Onde sensuelle\u00a0\u00bb se dresse avec une \u00e9l\u00e9gance abstraite, capturant le mouvement dans une forme fluide et dynamisante. Fabriqu\u00e9e en bronze patin\u00e9, cette pi\u00e8ce d\u00e9gage une profondeur de texture et de couleur, ajoutant une dimension vivante et organique \u00e0 l&rsquo;\u0153uvre. Le choix de ce mat\u00e9riau noble non seulement accentue sa sensualit\u00e9, mais \u00e9voque aussi la permanence des sentiments humains \u00e0 travers le temps.<\/p>\n<p>La base en pierre \u00e0 la forme irr\u00e9guli\u00e8re contraste magnifiquement avec la fluidit\u00e9 de la sculpture elle-m\u00eame, cr\u00e9ant un \u00e9quilibre visuel harmonieux. La patine sombre du bronze joue avec la lumi\u00e8re, projetant des ombres fascinantes sur la surface environnante, comme un reflet des \u00e9motions et des pens\u00e9es qu&rsquo;elle suscite.<\/p>\n<p><strong>Contexte :<\/strong> \u00ab\u00a0Onde sensuelle\u00a0\u00bb trouve sa place id\u00e9ale dans un espace contemporain ou classique, o\u00f9 elle peut \u00eatre admir\u00e9e sous diff\u00e9rents angles. Sa forme organique et ses lignes courbes apportent une sensation de mouvement et de l\u00e9g\u00e8ret\u00e9, capturant l&rsquo;\u0153il et l&rsquo;imagination du spectateur.<\/p>\n<p><strong>Dimensions :<\/strong> La sculpture s&rsquo;\u00e9l\u00e8ve \u00e0 environ 40 cm de hauteur, suffisamment imposante pour captiver l&rsquo;attention tout en restant d\u00e9licate. Elle trouve sa pertinence dans un cadre de vie moderne, servant \u00e0 la fois de chef-d&rsquo;\u0153uvre de d\u00e9coration et de point de r\u00e9flexion artistique.<\/p>\n<p>Dans chaque courbe et chaque ligne, \u00ab\u00a0Onde sensuelle\u00a0\u00bb raconte une histoire de passion et de mouvement, un t\u00e9moignage silencieux de la beaut\u00e9 et de la complexit\u00e9 des formes qui nous entourent.<\/p>\n","protected":false},"excerpt":{"rendered":"<p>\u00ab\u00a0Onde sensuelle\u00a0\u00bb est une sculpture en bronze patin\u00e9, alliant \u00e9l\u00e9gance et mouvement fluide. Pos\u00e9e sur une base en pierre, elle conjugue texture et lumi\u00e8re pour \u00e9voquer des \u00e9motions intemporelles.<\/p>\n","protected":false},"featured_media":212,"template":"","meta":{"ocean_post_layout":"","ocean_both_sidebars_style":"","ocean_both_sidebars_content_width":0,"ocean_both_sidebars_sidebars_width":0,"ocean_sidebar":"0","ocean_second_sidebar":"0","ocean_disable_margins":"enable","ocean_add_body_class":"","ocean_shortcode_before_top_bar":"","ocean_shortcode_after_top_bar":"","ocean_shortcode_before_header":"","ocean_shortcode_after_header":"","ocean_has_shortcode":"","ocean_shortcode_after_title":"","ocean_shortcode_before_footer_widgets":"","ocean_shortcode_after_footer_widgets":"","ocean_shortcode_before_footer_bottom":"","ocean_shortcode_after_footer_bottom":"","ocean_display_top_bar":"default","ocean_display_header":"default","ocean_header_style":"","ocean_center_header_left_menu":"0","ocean_custom_header_template":"0","ocean_custom_logo":211,"ocean_custom_retina_logo":0,"ocean_custom_logo_max_width":1,"ocean_custom_logo_tablet_max_width":1,"ocean_custom_logo_mobile_max_width":1,"ocean_custom_logo_max_height":1,"ocean_custom_logo_tablet_max_height":1,"ocean_custom_logo_mobile_max_height":1,"ocean_header_custom_menu":"0","ocean_menu_typo_font_family":"0","ocean_menu_typo_font_subset":"","ocean_menu_typo_font_size":0,"ocean_menu_typo_font_size_tablet":0,"ocean_menu_typo_font_size_mobile":0,"ocean_menu_typo_font_size_unit":"px","ocean_menu_typo_font_weight":"","ocean_menu_typo_font_weight_tablet":"","ocean_menu_typo_font_weight_mobile":"","ocean_menu_typo_transform":"","ocean_menu_typo_transform_tablet":"","ocean_menu_typo_transform_mobile":"","ocean_menu_typo_line_height":0,"ocean_menu_typo_line_height_tablet":0,"ocean_menu_typo_line_height_mobile":0,"ocean_menu_typo_line_height_unit":"","ocean_menu_typo_spacing":0,"ocean_menu_typo_spacing_tablet":0,"ocean_menu_typo_spacing_mobile":0,"ocean_menu_typo_spacing_unit":"","ocean_menu_link_color":"","ocean_menu_link_color_hover":"","ocean_menu_link_color_active":"","ocean_menu_link_background":"","ocean_menu_link_hover_background":"","ocean_menu_link_active_background":"","ocean_menu_social_links_bg":"","ocean_menu_social_hover_links_bg":"","ocean_menu_social_links_color":"","ocean_menu_social_hover_links_color":"","ocean_disable_title":"default","ocean_disable_heading":"default","ocean_post_title":"","ocean_post_subheading":"","ocean_post_title_style":"","ocean_post_title_background_color":"","ocean_post_title_background":0,"ocean_post_title_bg_image_position":"","ocean_post_title_bg_image_attachment":"","ocean_post_title_bg_image_repeat":"","ocean_post_title_bg_image_size":"","ocean_post_title_height":0,"ocean_post_title_bg_overlay":0.5,"ocean_post_title_bg_overlay_color":"","ocean_disable_breadcrumbs":"default","ocean_breadcrumbs_color":"","ocean_breadcrumbs_separator_color":"","ocean_breadcrumbs_links_color":"","ocean_breadcrumbs_links_hover_color":"","ocean_display_footer_widgets":"default","ocean_display_footer_bottom":"default","ocean_custom_footer_template":"0"},"product_brand":[],"product_cat":[17],"product_tag":[],"class_list":{"0":"post-210","1":"product","2":"type-product","3":"status-publish","4":"has-post-thumbnail","6":"product_cat-statues","8":"entry","9":"has-media","11":"first","12":"outofstock","13":"shipping-taxable","14":"purchasable","15":"product-type-simple","16":"has-product-nav","17":"col","18":"span_1_of_3","19":"owp-content-center","20":"owp-thumbs-layout-horizontal","21":"owp-btn-normal","22":"owp-tabs-layout-horizontal"},"_links":{"self":[{"href":"https:\/\/www.latelierdemooo.fr\/index.php?rest_route=\/wp\/v2\/product\/210","targetHints":{"allow":["GET"]}}],"collection":[{"href":"https:\/\/www.latelierdemooo.fr\/index.php?rest_route=\/wp\/v2\/product"}],"about":[{"href":"https:\/\/www.latelierdemooo.fr\/index.php?rest_route=\/wp\/v2\/types\/product"}],"wp:featuredmedia":[{"embeddable":true,"href":"https:\/\/www.latelierdemooo.fr\/index.php?rest_route=\/wp\/v2\/media\/212"}],"wp:attachment":[{"href":"https:\/\/www.latelierdemooo.fr\/index.php?rest_route=%2Fwp%2Fv2%2Fmedia&parent=210"}],"wp:term":[{"taxonomy":"product_brand","embeddable":true,"href":"https:\/\/www.latelierdemooo.fr\/index.php?rest_route=%2Fwp%2Fv2%2Fproduct_brand&post=210"},{"taxonomy":"product_cat","embeddable":true,"href":"https:\/\/www.latelierdemooo.fr\/index.php?rest_route=%2Fwp%2Fv2%2Fproduct_cat&post=210"},{"taxonomy":"product_tag","embeddable":true,"href":"https:\/\/www.latelierdemooo.fr\/index.php?rest_route=%2Fwp%2Fv2%2Fproduct_tag&post=210"}],"curies":[{"name":"wp","href":"https:\/\/api.w.org\/{rel}","templated":true}]}}