{"id":217,"date":"2025-07-11T09:26:03","date_gmt":"2025-07-11T07:26:03","guid":{"rendered":"https:\/\/www.latelierdemooo.fr\/?post_type=product&#038;p=217"},"modified":"2025-07-11T09:33:48","modified_gmt":"2025-07-11T07:33:48","slug":"paula","status":"publish","type":"product","link":"https:\/\/www.latelierdemooo.fr\/?product=paula","title":{"rendered":"Paula"},"content":{"rendered":"<p>La sculpture intitul\u00e9e \u00ab\u00a0Paula\u00a0\u00bb incarne l&rsquo;\u00e9l\u00e9gance d&rsquo;une posture introspective et sereine. R\u00e9alis\u00e9e en terre cuite, cette \u0153uvre d\u00e9licate se distingue par la douceur de ses courbes et la qui\u00e9tude de son expression. Le choix de l&rsquo;argile conf\u00e8re \u00e0 cette pi\u00e8ce une texture qui ajoute de la chaleur et du r\u00e9alisme, tout en accentuant les d\u00e9tails subtils de la silhouette. Le geste de la figure, positionn\u00e9e en une posture de m\u00e9ditation ou de r\u00e9flexion, semble suspendu dans le temps, invitant le spectateur \u00e0 partager un moment de tranquillit\u00e9 et d&rsquo;intimit\u00e9. <\/p>\n<p><strong>Technique:<\/strong> La ma\u00eetrise de la sculpture en terre cuite est apparente dans chaque ligne et creux, t\u00e9moignant d\u2019un travail minutieux et pr\u00e9cis. La surface l\u00e9g\u00e8rement granuleuse capte la lumi\u00e8re de mani\u00e8re douce, ajoutant une dimension tactile qui attire le regard et incite au toucher. Le coloris naturel de la terre cuite \u00e9voque une connexion \u00e0 la terre et \u00e0 la nature, renfor\u00e7ant le sentiment d\u2019harmonie et de paix.<\/p>\n<p><strong>Harmonie:<\/strong> Parfaitement adapt\u00e9e \u00e0 un int\u00e9rieur moderne ou classique, cette sculpture sur un socle de bois, de pierre ou de m\u00e9tal deviendrait un point central dans un espace de vie, un bureau ou une galerie. Son allure intemporelle et son ex\u00e9cution experte en font une pi\u00e8ce id\u00e9ale pour les amateurs d&rsquo;art \u00e0 la recherche d&rsquo;une \u0153uvre \u00e0 la fois captivante et apaisante.<\/p>\n","protected":false},"excerpt":{"rendered":"<p>La sculpture en terre cuite \u00ab\u00a0Paula\u00a0\u00bb se distingue par sa posture sereine et introspective. Avec une texture qui capte la lumi\u00e8re et une ex\u00e9cution minutieuse, elle incarne l&rsquo;harmonie et la douceur. Parfaite pour tout espace \u00e9l\u00e9gant.<\/p>\n","protected":false},"featured_media":219,"template":"","meta":{"ocean_post_layout":"","ocean_both_sidebars_style":"","ocean_both_sidebars_content_width":0,"ocean_both_sidebars_sidebars_width":0,"ocean_sidebar":"0","ocean_second_sidebar":"0","ocean_disable_margins":"enable","ocean_add_body_class":"","ocean_shortcode_before_top_bar":"","ocean_shortcode_after_top_bar":"","ocean_shortcode_before_header":"","ocean_shortcode_after_header":"","ocean_has_shortcode":"","ocean_shortcode_after_title":"","ocean_shortcode_before_footer_widgets":"","ocean_shortcode_after_footer_widgets":"","ocean_shortcode_before_footer_bottom":"","ocean_shortcode_after_footer_bottom":"","ocean_display_top_bar":"default","ocean_display_header":"default","ocean_header_style":"","ocean_center_header_left_menu":"0","ocean_custom_header_template":"0","ocean_custom_logo":218,"ocean_custom_retina_logo":0,"ocean_custom_logo_max_width":1,"ocean_custom_logo_tablet_max_width":1,"ocean_custom_logo_mobile_max_width":1,"ocean_custom_logo_max_height":1,"ocean_custom_logo_tablet_max_height":1,"ocean_custom_logo_mobile_max_height":1,"ocean_header_custom_menu":"0","ocean_menu_typo_font_family":"0","ocean_menu_typo_font_subset":"","ocean_menu_typo_font_size":0,"ocean_menu_typo_font_size_tablet":0,"ocean_menu_typo_font_size_mobile":0,"ocean_menu_typo_font_size_unit":"px","ocean_menu_typo_font_weight":"","ocean_menu_typo_font_weight_tablet":"","ocean_menu_typo_font_weight_mobile":"","ocean_menu_typo_transform":"","ocean_menu_typo_transform_tablet":"","ocean_menu_typo_transform_mobile":"","ocean_menu_typo_line_height":0,"ocean_menu_typo_line_height_tablet":0,"ocean_menu_typo_line_height_mobile":0,"ocean_menu_typo_line_height_unit":"","ocean_menu_typo_spacing":0,"ocean_menu_typo_spacing_tablet":0,"ocean_menu_typo_spacing_mobile":0,"ocean_menu_typo_spacing_unit":"","ocean_menu_link_color":"","ocean_menu_link_color_hover":"","ocean_menu_link_color_active":"","ocean_menu_link_background":"","ocean_menu_link_hover_background":"","ocean_menu_link_active_background":"","ocean_menu_social_links_bg":"","ocean_menu_social_hover_links_bg":"","ocean_menu_social_links_color":"","ocean_menu_social_hover_links_color":"","ocean_disable_title":"default","ocean_disable_heading":"default","ocean_post_title":"","ocean_post_subheading":"","ocean_post_title_style":"","ocean_post_title_background_color":"","ocean_post_title_background":0,"ocean_post_title_bg_image_position":"","ocean_post_title_bg_image_attachment":"","ocean_post_title_bg_image_repeat":"","ocean_post_title_bg_image_size":"","ocean_post_title_height":0,"ocean_post_title_bg_overlay":0.5,"ocean_post_title_bg_overlay_color":"","ocean_disable_breadcrumbs":"default","ocean_breadcrumbs_color":"","ocean_breadcrumbs_separator_color":"","ocean_breadcrumbs_links_color":"","ocean_breadcrumbs_links_hover_color":"","ocean_display_footer_widgets":"default","ocean_display_footer_bottom":"default","ocean_custom_footer_template":"0"},"product_brand":[],"product_cat":[17],"product_tag":[],"class_list":{"0":"post-217","1":"product","2":"type-product","3":"status-publish","4":"has-post-thumbnail","6":"product_cat-statues","8":"entry","9":"has-media","11":"first","12":"instock","13":"shipping-taxable","14":"purchasable","15":"product-type-simple","16":"has-product-nav","17":"col","18":"span_1_of_3","19":"owp-content-center","20":"owp-thumbs-layout-horizontal","21":"owp-btn-normal","22":"owp-tabs-layout-horizontal"},"_links":{"self":[{"href":"https:\/\/www.latelierdemooo.fr\/index.php?rest_route=\/wp\/v2\/product\/217","targetHints":{"allow":["GET"]}}],"collection":[{"href":"https:\/\/www.latelierdemooo.fr\/index.php?rest_route=\/wp\/v2\/product"}],"about":[{"href":"https:\/\/www.latelierdemooo.fr\/index.php?rest_route=\/wp\/v2\/types\/product"}],"wp:featuredmedia":[{"embeddable":true,"href":"https:\/\/www.latelierdemooo.fr\/index.php?rest_route=\/wp\/v2\/media\/219"}],"wp:attachment":[{"href":"https:\/\/www.latelierdemooo.fr\/index.php?rest_route=%2Fwp%2Fv2%2Fmedia&parent=217"}],"wp:term":[{"taxonomy":"product_brand","embeddable":true,"href":"https:\/\/www.latelierdemooo.fr\/index.php?rest_route=%2Fwp%2Fv2%2Fproduct_brand&post=217"},{"taxonomy":"product_cat","embeddable":true,"href":"https:\/\/www.latelierdemooo.fr\/index.php?rest_route=%2Fwp%2Fv2%2Fproduct_cat&post=217"},{"taxonomy":"product_tag","embeddable":true,"href":"https:\/\/www.latelierdemooo.fr\/index.php?rest_route=%2Fwp%2Fv2%2Fproduct_tag&post=217"}],"curies":[{"name":"wp","href":"https:\/\/api.w.org\/{rel}","templated":true}]}}