{"id":244,"date":"2026-02-09T16:49:37","date_gmt":"2026-02-09T15:49:37","guid":{"rendered":"https:\/\/www.latelierdemooo.fr\/?post_type=product&#038;p=244"},"modified":"2026-02-09T16:50:20","modified_gmt":"2026-02-09T15:50:20","slug":"boite-en-argile-lisse-emaillee-rouge-a-effets","status":"publish","type":"product","link":"https:\/\/www.latelierdemooo.fr\/?product=boite-en-argile-lisse-emaillee-rouge-a-effets","title":{"rendered":"Bo\u00eete en Argile Lisse \u00c9maill\u00e9e Rouge \u00e0 Effets"},"content":{"rendered":"<p>D\u00e9couvrez l&rsquo;\u00e9l\u00e9gance intemporelle de cette <strong>bo\u00eete en argile lisse<\/strong>, rehauss\u00e9e d&rsquo;un <strong>\u00e9maillage rouge brillant<\/strong> qui capture et refl\u00e8te d\u00e9licatement la lumi\u00e8re. Ses dimensions modestes de <strong>8 cm x 8 cm x 8 cm<\/strong> en font un objet aussi pratique qu&rsquo;esth\u00e9tique, id\u00e9al pour habiller un bureau, une \u00e9tag\u00e8re ou une table de chevet. <\/p>\n<p>La teinte rouge intense est ponctu\u00e9e de subtils effets visuels qui apportent un dynamisme intriguant \u00e0 la forme g\u00e9om\u00e9trique stricte de la bo\u00eete. Ce jeu d&rsquo;ombres et de reflets cr\u00e9e une approche moderne et artistique. <\/p>\n<p>Chaque angle lisse et chaque ligne pure t\u00e9moignent du savoir-faire minutieux qui a pr\u00e9sid\u00e9 \u00e0 la cr\u00e9ation de cette pi\u00e8ce unique. L&rsquo;\u00e9mail apporte \u00e0 l&rsquo;argile une profondeur et une richesse chromatique qui ne manqueront pas de captiver le regard. Ce contraste entre la rudesse de la mati\u00e8re premi\u00e8re et l\u2019\u00e9clat de la finition r\u00e9sume \u00e0 merveille la dualit\u00e9 entre naturel et sophistiqu\u00e9.<\/p>\n<p>\u00c9voquant \u00e0 la fois la simplicit\u00e9 et le raffinement, cette bo\u00eete rouge \u00e9maill\u00e9e se r\u00e9v\u00e8le \u00eatre bien plus qu&rsquo;un simple contenant; elle est une v\u00e9ritable \u0153uvre d\u2019art en miniature. C&rsquo;est une invitation \u00e0 contempler et \u00e0 appr\u00e9cier les petits \u00e9l\u00e9ments de la vie avec le m\u00eame regard attentif que celui d&rsquo;un artiste.<\/p>\n<p>Parfaite pour un <strong>cadeau d\u2019exception<\/strong> ou comme pi\u00e8ce centrale dans un environnement contemporain, cette bo\u00eete sublime la <strong>beaut\u00e9 de l&rsquo;artisanat<\/strong> et conviendra \u00e0 tout amateur d\u2019art d\u00e9licat.<\/p>\n","protected":false},"excerpt":{"rendered":"<p>D\u00e9couvrez cette bo\u00eete en argile \u00e9maill\u00e9e rouge \u00e0 effets, une \u0153uvre alliant simplicit\u00e9 et \u00e9clat. Parfaite pour un espace raffin\u00e9, elle incarne l&rsquo;artisanat contemporain.<\/p>\n","protected":false},"featured_media":249,"template":"","meta":{"ocean_post_layout":"","ocean_both_sidebars_style":"","ocean_both_sidebars_content_width":0,"ocean_both_sidebars_sidebars_width":0,"ocean_sidebar":"0","ocean_second_sidebar":"0","ocean_disable_margins":"enable","ocean_add_body_class":"","ocean_shortcode_before_top_bar":"","ocean_shortcode_after_top_bar":"","ocean_shortcode_before_header":"","ocean_shortcode_after_header":"","ocean_has_shortcode":"","ocean_shortcode_after_title":"","ocean_shortcode_before_footer_widgets":"","ocean_shortcode_after_footer_widgets":"","ocean_shortcode_before_footer_bottom":"","ocean_shortcode_after_footer_bottom":"","ocean_display_top_bar":"default","ocean_display_header":"default","ocean_header_style":"","ocean_center_header_left_menu":"0","ocean_custom_header_template":"0","ocean_custom_logo":247,"ocean_custom_retina_logo":0,"ocean_custom_logo_max_width":0,"ocean_custom_logo_tablet_max_width":0,"ocean_custom_logo_mobile_max_width":0,"ocean_custom_logo_max_height":0,"ocean_custom_logo_tablet_max_height":0,"ocean_custom_logo_mobile_max_height":0,"ocean_header_custom_menu":"0","ocean_menu_typo_font_family":"0","ocean_menu_typo_font_subset":"","ocean_menu_typo_font_size":0,"ocean_menu_typo_font_size_tablet":0,"ocean_menu_typo_font_size_mobile":0,"ocean_menu_typo_font_size_unit":"px","ocean_menu_typo_font_weight":"","ocean_menu_typo_font_weight_tablet":"","ocean_menu_typo_font_weight_mobile":"","ocean_menu_typo_transform":"","ocean_menu_typo_transform_tablet":"","ocean_menu_typo_transform_mobile":"","ocean_menu_typo_line_height":0,"ocean_menu_typo_line_height_tablet":0,"ocean_menu_typo_line_height_mobile":0,"ocean_menu_typo_line_height_unit":"","ocean_menu_typo_spacing":0,"ocean_menu_typo_spacing_tablet":0,"ocean_menu_typo_spacing_mobile":0,"ocean_menu_typo_spacing_unit":"","ocean_menu_link_color":"","ocean_menu_link_color_hover":"","ocean_menu_link_color_active":"","ocean_menu_link_background":"","ocean_menu_link_hover_background":"","ocean_menu_link_active_background":"","ocean_menu_social_links_bg":"","ocean_menu_social_hover_links_bg":"","ocean_menu_social_links_color":"","ocean_menu_social_hover_links_color":"","ocean_disable_title":"default","ocean_disable_heading":"default","ocean_post_title":"","ocean_post_subheading":"","ocean_post_title_style":"","ocean_post_title_background_color":"","ocean_post_title_background":0,"ocean_post_title_bg_image_position":"","ocean_post_title_bg_image_attachment":"","ocean_post_title_bg_image_repeat":"","ocean_post_title_bg_image_size":"","ocean_post_title_height":0,"ocean_post_title_bg_overlay":0.5,"ocean_post_title_bg_overlay_color":"","ocean_disable_breadcrumbs":"default","ocean_breadcrumbs_color":"","ocean_breadcrumbs_separator_color":"","ocean_breadcrumbs_links_color":"","ocean_breadcrumbs_links_hover_color":"","ocean_display_footer_widgets":"default","ocean_display_footer_bottom":"default","ocean_custom_footer_template":"0"},"product_brand":[],"product_cat":[21],"product_tag":[],"class_list":{"0":"post-244","1":"product","2":"type-product","3":"status-publish","4":"has-post-thumbnail","6":"product_cat-boites_vases","8":"entry","9":"has-media","11":"first","12":"instock","13":"shipping-taxable","14":"purchasable","15":"product-type-simple","16":"has-product-nav","17":"col","18":"span_1_of_3","19":"owp-content-center","20":"owp-thumbs-layout-horizontal","21":"owp-btn-normal","22":"owp-tabs-layout-horizontal"},"_links":{"self":[{"href":"https:\/\/www.latelierdemooo.fr\/index.php?rest_route=\/wp\/v2\/product\/244","targetHints":{"allow":["GET"]}}],"collection":[{"href":"https:\/\/www.latelierdemooo.fr\/index.php?rest_route=\/wp\/v2\/product"}],"about":[{"href":"https:\/\/www.latelierdemooo.fr\/index.php?rest_route=\/wp\/v2\/types\/product"}],"wp:featuredmedia":[{"embeddable":true,"href":"https:\/\/www.latelierdemooo.fr\/index.php?rest_route=\/wp\/v2\/media\/249"}],"wp:attachment":[{"href":"https:\/\/www.latelierdemooo.fr\/index.php?rest_route=%2Fwp%2Fv2%2Fmedia&parent=244"}],"wp:term":[{"taxonomy":"product_brand","embeddable":true,"href":"https:\/\/www.latelierdemooo.fr\/index.php?rest_route=%2Fwp%2Fv2%2Fproduct_brand&post=244"},{"taxonomy":"product_cat","embeddable":true,"href":"https:\/\/www.latelierdemooo.fr\/index.php?rest_route=%2Fwp%2Fv2%2Fproduct_cat&post=244"},{"taxonomy":"product_tag","embeddable":true,"href":"https:\/\/www.latelierdemooo.fr\/index.php?rest_route=%2Fwp%2Fv2%2Fproduct_tag&post=244"}],"curies":[{"name":"wp","href":"https:\/\/api.w.org\/{rel}","templated":true}]}}