{"id":250,"date":"2026-02-09T16:56:33","date_gmt":"2026-02-09T15:56:33","guid":{"rendered":"https:\/\/www.latelierdemooo.fr\/?post_type=product&#038;p=250"},"modified":"2026-02-15T14:29:00","modified_gmt":"2026-02-15T13:29:00","slug":"boite-en-gres-chamotte-emaillee-jaune-et-verte","status":"publish","type":"product","link":"https:\/\/www.latelierdemooo.fr\/?product=boite-en-gres-chamotte-emaillee-jaune-et-verte","title":{"rendered":"Bo\u00eete Puzzle"},"content":{"rendered":"<p>Cette Bo\u00eete en Gr\u00e8s Chamott\u00e9 \u00c9maill\u00e9e Jaune et Verte s\u00e9duit par son esth\u00e9tique brute et organique. Confectionn\u00e9e en <strong>gr\u00e8s blanc chamott\u00e9<\/strong>, cette pi\u00e8ce allie robustesse et texture subtile, offrant une exp\u00e9rience visuelle et tactile unique. Avec un diam\u00e8tre de 7 cm et une hauteur de 10 cm, elle se dresse comme un petit monument de la c\u00e9ramique moderne, capable d\u2019insuffler une \u00e9nergie vivante \u00e0 n\u2019importe quelle pi\u00e8ce. <\/p>\n<p>L&rsquo;application d&rsquo;un \u00e9mail jaune \u00e9clatant, associ\u00e9 \u00e0 des nuances de vert, \u00e9voque un paysage printanier. Chaque geste de l&rsquo;artisan se refl\u00e8te dans la surface irr\u00e9guli\u00e8re du gr\u00e8s, o\u00f9 les coulures de l\u2019\u00e9mail cr\u00e9ent des paysages abstraits et captivants, enrichissant la surface de nuances vari\u00e9es et procurant une illusion de profondeur.<\/p>\n<p>Cette \u0153uvre singuli\u00e8re peut devenir le point focal d\u2019une table ou d\u2019un espace d\u2019accueil. Elle invite non seulement \u00e0 la contemplation mais aussi \u00e0 l&rsquo;\u00e9change et \u00e0 la d\u00e9couverte. Parfaite sur une \u00e9tag\u00e8re en bois ou aux c\u00f4t\u00e9s de livres d&rsquo;art, elle attire le regard avec son contraste vif entre les couleurs et les textures naturelles. <\/p>\n","protected":false},"excerpt":{"rendered":"<p>D\u00e9couvrez la bo\u00eete en gr\u00e8s chamott\u00e9 \u00e9maill\u00e9e jaune et verte, une pi\u00e8ce de c\u00e9ramique \u00e9l\u00e9gante et textur\u00e9e, parfaite pour enrichir votre d\u00e9coration int\u00e9rieure avec ses couleurs vibrantes et sa finition unique.<\/p>\n","protected":false},"featured_media":251,"template":"","meta":{"ocean_post_layout":"","ocean_both_sidebars_style":"","ocean_both_sidebars_content_width":0,"ocean_both_sidebars_sidebars_width":0,"ocean_sidebar":"0","ocean_second_sidebar":"0","ocean_disable_margins":"enable","ocean_add_body_class":"","ocean_shortcode_before_top_bar":"","ocean_shortcode_after_top_bar":"","ocean_shortcode_before_header":"","ocean_shortcode_after_header":"","ocean_has_shortcode":"","ocean_shortcode_after_title":"","ocean_shortcode_before_footer_widgets":"","ocean_shortcode_after_footer_widgets":"","ocean_shortcode_before_footer_bottom":"","ocean_shortcode_after_footer_bottom":"","ocean_display_top_bar":"default","ocean_display_header":"default","ocean_header_style":"","ocean_center_header_left_menu":"0","ocean_custom_header_template":"0","ocean_custom_logo":252,"ocean_custom_retina_logo":0,"ocean_custom_logo_max_width":0,"ocean_custom_logo_tablet_max_width":0,"ocean_custom_logo_mobile_max_width":0,"ocean_custom_logo_max_height":0,"ocean_custom_logo_tablet_max_height":0,"ocean_custom_logo_mobile_max_height":0,"ocean_header_custom_menu":"0","ocean_menu_typo_font_family":"0","ocean_menu_typo_font_subset":"","ocean_menu_typo_font_size":0,"ocean_menu_typo_font_size_tablet":0,"ocean_menu_typo_font_size_mobile":0,"ocean_menu_typo_font_size_unit":"px","ocean_menu_typo_font_weight":"","ocean_menu_typo_font_weight_tablet":"","ocean_menu_typo_font_weight_mobile":"","ocean_menu_typo_transform":"","ocean_menu_typo_transform_tablet":"","ocean_menu_typo_transform_mobile":"","ocean_menu_typo_line_height":0,"ocean_menu_typo_line_height_tablet":0,"ocean_menu_typo_line_height_mobile":0,"ocean_menu_typo_line_height_unit":"","ocean_menu_typo_spacing":0,"ocean_menu_typo_spacing_tablet":0,"ocean_menu_typo_spacing_mobile":0,"ocean_menu_typo_spacing_unit":"","ocean_menu_link_color":"","ocean_menu_link_color_hover":"","ocean_menu_link_color_active":"","ocean_menu_link_background":"","ocean_menu_link_hover_background":"","ocean_menu_link_active_background":"","ocean_menu_social_links_bg":"","ocean_menu_social_hover_links_bg":"","ocean_menu_social_links_color":"","ocean_menu_social_hover_links_color":"","ocean_disable_title":"default","ocean_disable_heading":"default","ocean_post_title":"","ocean_post_subheading":"","ocean_post_title_style":"","ocean_post_title_background_color":"","ocean_post_title_background":0,"ocean_post_title_bg_image_position":"","ocean_post_title_bg_image_attachment":"","ocean_post_title_bg_image_repeat":"","ocean_post_title_bg_image_size":"","ocean_post_title_height":0,"ocean_post_title_bg_overlay":0.5,"ocean_post_title_bg_overlay_color":"","ocean_disable_breadcrumbs":"default","ocean_breadcrumbs_color":"","ocean_breadcrumbs_separator_color":"","ocean_breadcrumbs_links_color":"","ocean_breadcrumbs_links_hover_color":"","ocean_display_footer_widgets":"default","ocean_display_footer_bottom":"default","ocean_custom_footer_template":"0"},"product_brand":[],"product_cat":[21],"product_tag":[],"class_list":{"0":"post-250","1":"product","2":"type-product","3":"status-publish","4":"has-post-thumbnail","6":"product_cat-boites_vases","8":"entry","9":"has-media","11":"first","12":"instock","13":"shipping-taxable","14":"purchasable","15":"product-type-simple","16":"has-product-nav","17":"col","18":"span_1_of_3","19":"owp-content-center","20":"owp-thumbs-layout-horizontal","21":"owp-btn-normal","22":"owp-tabs-layout-horizontal"},"_links":{"self":[{"href":"https:\/\/www.latelierdemooo.fr\/index.php?rest_route=\/wp\/v2\/product\/250","targetHints":{"allow":["GET"]}}],"collection":[{"href":"https:\/\/www.latelierdemooo.fr\/index.php?rest_route=\/wp\/v2\/product"}],"about":[{"href":"https:\/\/www.latelierdemooo.fr\/index.php?rest_route=\/wp\/v2\/types\/product"}],"wp:featuredmedia":[{"embeddable":true,"href":"https:\/\/www.latelierdemooo.fr\/index.php?rest_route=\/wp\/v2\/media\/251"}],"wp:attachment":[{"href":"https:\/\/www.latelierdemooo.fr\/index.php?rest_route=%2Fwp%2Fv2%2Fmedia&parent=250"}],"wp:term":[{"taxonomy":"product_brand","embeddable":true,"href":"https:\/\/www.latelierdemooo.fr\/index.php?rest_route=%2Fwp%2Fv2%2Fproduct_brand&post=250"},{"taxonomy":"product_cat","embeddable":true,"href":"https:\/\/www.latelierdemooo.fr\/index.php?rest_route=%2Fwp%2Fv2%2Fproduct_cat&post=250"},{"taxonomy":"product_tag","embeddable":true,"href":"https:\/\/www.latelierdemooo.fr\/index.php?rest_route=%2Fwp%2Fv2%2Fproduct_tag&post=250"}],"curies":[{"name":"wp","href":"https:\/\/api.w.org\/{rel}","templated":true}]}}