{"id":271,"date":"2026-02-09T17:44:43","date_gmt":"2026-02-09T16:44:43","guid":{"rendered":"https:\/\/www.latelierdemooo.fr\/?post_type=product&#038;p=271"},"modified":"2026-02-10T09:48:27","modified_gmt":"2026-02-10T08:48:27","slug":"vase-kirinuki-en-gres-blanc-chamotte-et-emaille-raku","status":"publish","type":"product","link":"https:\/\/www.latelierdemooo.fr\/?product=vase-kirinuki-en-gres-blanc-chamotte-et-emaille-raku","title":{"rendered":"Vase Kirinuki en Gr\u00e8s Blanc Chamott\u00e9 et \u00c9maill\u00e9 Raku"},"content":{"rendered":"<p>Ce vase sculptural, r\u00e9alis\u00e9 \u00e0 la mani\u00e8re de la technique <strong>kirinuki<\/strong>, incarne l&rsquo;\u00e9l\u00e9gance et la dext\u00e9rit\u00e9 du savoir-faire japonais. En partant d\u2019un bloc de gr\u00e8s blanc chamott\u00e9, l\u2019artisan a proc\u00e9d\u00e9 \u00e0 une minutieuse \u00e9videment pour donner naissance \u00e0 cette pi\u00e8ce unique. La surface, d\u00e9licatement travaill\u00e9e, r\u00e9v\u00e8le de subtiles variations de textures et de formes, permettant \u00e0 chaque angle de surprendre par sa complexit\u00e9.<\/p>\n<p>L\u2019effet final est rehauss\u00e9 par l&rsquo;\u00e9maillage <strong>raku<\/strong>, connu pour ses empreintes de craquelures et ses subtils jeux de couleurs. Ce proc\u00e9d\u00e9, issu d&rsquo;une philosophie zen, conf\u00e8re au vase son caract\u00e8re impr\u00e9visible et organique. Chaque pi\u00e8ce \u00e9maill\u00e9e raconte sa propre histoire, forg\u00e9e par le feu et les \u00e9l\u00e9ments.<\/p>\n<p>Avec ses dimensions de 14 cm de large, 7cm de long et 18 cm de haut, ce vase trouve ais\u00e9ment sa place sur une \u00e9tag\u00e8re ou un socle, o\u00f9 il capte la lumi\u00e8re et l\u2019attention. V\u00e9ritable \u0153uvre d\u2019art, il embellit tout int\u00e9rieur en offrant une connexion profonde avec les traditions mill\u00e9naires de l\u2019artisanat japonais. Une fusion harmonieuse entre nature et cr\u00e9ation humaine, ce vase est non seulement un objet de d\u00e9coration mais aussi une invitation \u00e0 la contemplation.<\/p>\n","protected":false},"excerpt":{"rendered":"<p>Vase en gr\u00e8s blanc chamott\u00e9, travaill\u00e9 en technique kirinuki et \u00e9maill\u00e9 raku. Dimensions : L14 cm x l7 cm x H18 cm. Chef-d&rsquo;\u0153uvre d\u2019art japonais, alliant \u00e9l\u00e9gance et tradition artisanale.<\/p>\n","protected":false},"featured_media":273,"template":"","meta":{"ocean_post_layout":"","ocean_both_sidebars_style":"","ocean_both_sidebars_content_width":0,"ocean_both_sidebars_sidebars_width":0,"ocean_sidebar":"0","ocean_second_sidebar":"0","ocean_disable_margins":"enable","ocean_add_body_class":"","ocean_shortcode_before_top_bar":"","ocean_shortcode_after_top_bar":"","ocean_shortcode_before_header":"","ocean_shortcode_after_header":"","ocean_has_shortcode":"","ocean_shortcode_after_title":"","ocean_shortcode_before_footer_widgets":"","ocean_shortcode_after_footer_widgets":"","ocean_shortcode_before_footer_bottom":"","ocean_shortcode_after_footer_bottom":"","ocean_display_top_bar":"default","ocean_display_header":"default","ocean_header_style":"","ocean_center_header_left_menu":"0","ocean_custom_header_template":"0","ocean_custom_logo":272,"ocean_custom_retina_logo":0,"ocean_custom_logo_max_width":0,"ocean_custom_logo_tablet_max_width":0,"ocean_custom_logo_mobile_max_width":0,"ocean_custom_logo_max_height":0,"ocean_custom_logo_tablet_max_height":0,"ocean_custom_logo_mobile_max_height":0,"ocean_header_custom_menu":"0","ocean_menu_typo_font_family":"0","ocean_menu_typo_font_subset":"","ocean_menu_typo_font_size":0,"ocean_menu_typo_font_size_tablet":0,"ocean_menu_typo_font_size_mobile":0,"ocean_menu_typo_font_size_unit":"px","ocean_menu_typo_font_weight":"","ocean_menu_typo_font_weight_tablet":"","ocean_menu_typo_font_weight_mobile":"","ocean_menu_typo_transform":"","ocean_menu_typo_transform_tablet":"","ocean_menu_typo_transform_mobile":"","ocean_menu_typo_line_height":0,"ocean_menu_typo_line_height_tablet":0,"ocean_menu_typo_line_height_mobile":0,"ocean_menu_typo_line_height_unit":"","ocean_menu_typo_spacing":0,"ocean_menu_typo_spacing_tablet":0,"ocean_menu_typo_spacing_mobile":0,"ocean_menu_typo_spacing_unit":"","ocean_menu_link_color":"","ocean_menu_link_color_hover":"","ocean_menu_link_color_active":"","ocean_menu_link_background":"","ocean_menu_link_hover_background":"","ocean_menu_link_active_background":"","ocean_menu_social_links_bg":"","ocean_menu_social_hover_links_bg":"","ocean_menu_social_links_color":"","ocean_menu_social_hover_links_color":"","ocean_disable_title":"default","ocean_disable_heading":"default","ocean_post_title":"","ocean_post_subheading":"","ocean_post_title_style":"","ocean_post_title_background_color":"","ocean_post_title_background":0,"ocean_post_title_bg_image_position":"","ocean_post_title_bg_image_attachment":"","ocean_post_title_bg_image_repeat":"","ocean_post_title_bg_image_size":"","ocean_post_title_height":0,"ocean_post_title_bg_overlay":0.5,"ocean_post_title_bg_overlay_color":"","ocean_disable_breadcrumbs":"default","ocean_breadcrumbs_color":"","ocean_breadcrumbs_separator_color":"","ocean_breadcrumbs_links_color":"","ocean_breadcrumbs_links_hover_color":"","ocean_display_footer_widgets":"default","ocean_display_footer_bottom":"default","ocean_custom_footer_template":"0"},"product_brand":[],"product_cat":[21],"product_tag":[],"class_list":{"0":"post-271","1":"product","2":"type-product","3":"status-publish","4":"has-post-thumbnail","6":"product_cat-boites_vases","8":"entry","9":"has-media","11":"first","12":"instock","13":"shipping-taxable","14":"purchasable","15":"product-type-simple","16":"has-product-nav","17":"col","18":"span_1_of_3","19":"owp-content-center","20":"owp-thumbs-layout-horizontal","21":"owp-btn-normal","22":"owp-tabs-layout-horizontal"},"_links":{"self":[{"href":"https:\/\/www.latelierdemooo.fr\/index.php?rest_route=\/wp\/v2\/product\/271","targetHints":{"allow":["GET"]}}],"collection":[{"href":"https:\/\/www.latelierdemooo.fr\/index.php?rest_route=\/wp\/v2\/product"}],"about":[{"href":"https:\/\/www.latelierdemooo.fr\/index.php?rest_route=\/wp\/v2\/types\/product"}],"wp:featuredmedia":[{"embeddable":true,"href":"https:\/\/www.latelierdemooo.fr\/index.php?rest_route=\/wp\/v2\/media\/273"}],"wp:attachment":[{"href":"https:\/\/www.latelierdemooo.fr\/index.php?rest_route=%2Fwp%2Fv2%2Fmedia&parent=271"}],"wp:term":[{"taxonomy":"product_brand","embeddable":true,"href":"https:\/\/www.latelierdemooo.fr\/index.php?rest_route=%2Fwp%2Fv2%2Fproduct_brand&post=271"},{"taxonomy":"product_cat","embeddable":true,"href":"https:\/\/www.latelierdemooo.fr\/index.php?rest_route=%2Fwp%2Fv2%2Fproduct_cat&post=271"},{"taxonomy":"product_tag","embeddable":true,"href":"https:\/\/www.latelierdemooo.fr\/index.php?rest_route=%2Fwp%2Fv2%2Fproduct_tag&post=271"}],"curies":[{"name":"wp","href":"https:\/\/api.w.org\/{rel}","templated":true}]}}