{"id":282,"date":"2026-02-10T09:10:56","date_gmt":"2026-02-10T08:10:56","guid":{"rendered":"https:\/\/www.latelierdemooo.fr\/?post_type=product&#038;p=282"},"modified":"2026-02-15T14:58:29","modified_gmt":"2026-02-15T13:58:29","slug":"vase-en-gres-chamotte-emaille-bleu-de-sevres","status":"publish","type":"product","link":"https:\/\/www.latelierdemooo.fr\/?product=vase-en-gres-chamotte-emaille-bleu-de-sevres","title":{"rendered":"Vase en Gr\u00e8s Chamott\u00e9 \u00c9maill\u00e9 Bleu de S\u00e8vres"},"content":{"rendered":"<p>Ce vase en <strong>gr\u00e8s blanc chamott\u00e9<\/strong> s\u00e9duit par son \u00e9quilibre \u00e9l\u00e9gant entre simplicit\u00e9 et sophistication. Fa\u00e7onn\u00e9 selon la technique japonaise du kurinuki \u2014 o\u00f9 la forme na\u00eet d\u2019un bloc sculpt\u00e9 puis \u00e9vid\u00e9 \u2014 , il \u00e9voque le geste ancestral des c\u00e9ramistes m\u00ealant tradition et innovation. Sa forme, presque organique, est sublim\u00e9e par l\u2019\u00e9mail bleu de S\u00e8vres qui glisse comme une rivi\u00e8re nocturne sur sa surface travaill\u00e9e. Cette couleur profonde \u00e9voque les ciels \u00e9toil\u00e9s, conf\u00e9rant \u00e0 l\u2019\u0153uvre un sentiment de myst\u00e8re et de profondeur. Avec ses dimensions de <strong>14 cm de hauteur<\/strong> et <strong>11 cm de c\u00f4t\u00e9<\/strong>, ce vase trouve sa place aussi bien sur une console urbaine que dans un int\u00e9rieur plus rustique. Le contraste entre les fractures inflig\u00e9es \u00e0 l\u2019\u0153uvre et la douceur de l\u2019\u00e9mail cr\u00e9e une harmonie tactile qui attire le regard et \u00e9veille les sens. Id\u00e9al pour de petites compositions florales ou comme pi\u00e8ce d\u2019art ind\u00e9pendante, ce vase c\u00e9l\u00e8bre l\u2019art de la c\u00e9ramique contemporaine tout en rendant hommage aux traditions s\u00e9culaires de l\u2019\u00e9maillage.<\/p>\n","protected":false},"excerpt":{"rendered":"<p>D\u00e9couvrez le vase en gr\u00e8s blanc chamott\u00e9 \u00e9maill\u00e9 bleu de S\u00e8vres, une pi\u00e8ce unique alliant tradition et modernit\u00e9, id\u00e9ale pour votre int\u00e9rieur.<\/p>\n","protected":false},"featured_media":284,"template":"","meta":{"ocean_post_layout":"","ocean_both_sidebars_style":"","ocean_both_sidebars_content_width":0,"ocean_both_sidebars_sidebars_width":0,"ocean_sidebar":"0","ocean_second_sidebar":"0","ocean_disable_margins":"enable","ocean_add_body_class":"","ocean_shortcode_before_top_bar":"","ocean_shortcode_after_top_bar":"","ocean_shortcode_before_header":"","ocean_shortcode_after_header":"","ocean_has_shortcode":"","ocean_shortcode_after_title":"","ocean_shortcode_before_footer_widgets":"","ocean_shortcode_after_footer_widgets":"","ocean_shortcode_before_footer_bottom":"","ocean_shortcode_after_footer_bottom":"","ocean_display_top_bar":"default","ocean_display_header":"default","ocean_header_style":"","ocean_center_header_left_menu":"0","ocean_custom_header_template":"0","ocean_custom_logo":283,"ocean_custom_retina_logo":0,"ocean_custom_logo_max_width":0,"ocean_custom_logo_tablet_max_width":0,"ocean_custom_logo_mobile_max_width":0,"ocean_custom_logo_max_height":0,"ocean_custom_logo_tablet_max_height":0,"ocean_custom_logo_mobile_max_height":0,"ocean_header_custom_menu":"0","ocean_menu_typo_font_family":"0","ocean_menu_typo_font_subset":"","ocean_menu_typo_font_size":0,"ocean_menu_typo_font_size_tablet":0,"ocean_menu_typo_font_size_mobile":0,"ocean_menu_typo_font_size_unit":"px","ocean_menu_typo_font_weight":"","ocean_menu_typo_font_weight_tablet":"","ocean_menu_typo_font_weight_mobile":"","ocean_menu_typo_transform":"","ocean_menu_typo_transform_tablet":"","ocean_menu_typo_transform_mobile":"","ocean_menu_typo_line_height":0,"ocean_menu_typo_line_height_tablet":0,"ocean_menu_typo_line_height_mobile":0,"ocean_menu_typo_line_height_unit":"","ocean_menu_typo_spacing":0,"ocean_menu_typo_spacing_tablet":0,"ocean_menu_typo_spacing_mobile":0,"ocean_menu_typo_spacing_unit":"","ocean_menu_link_color":"","ocean_menu_link_color_hover":"","ocean_menu_link_color_active":"","ocean_menu_link_background":"","ocean_menu_link_hover_background":"","ocean_menu_link_active_background":"","ocean_menu_social_links_bg":"","ocean_menu_social_hover_links_bg":"","ocean_menu_social_links_color":"","ocean_menu_social_hover_links_color":"","ocean_disable_title":"default","ocean_disable_heading":"default","ocean_post_title":"","ocean_post_subheading":"","ocean_post_title_style":"","ocean_post_title_background_color":"","ocean_post_title_background":0,"ocean_post_title_bg_image_position":"","ocean_post_title_bg_image_attachment":"","ocean_post_title_bg_image_repeat":"","ocean_post_title_bg_image_size":"","ocean_post_title_height":0,"ocean_post_title_bg_overlay":0.5,"ocean_post_title_bg_overlay_color":"","ocean_disable_breadcrumbs":"default","ocean_breadcrumbs_color":"","ocean_breadcrumbs_separator_color":"","ocean_breadcrumbs_links_color":"","ocean_breadcrumbs_links_hover_color":"","ocean_display_footer_widgets":"default","ocean_display_footer_bottom":"default","ocean_custom_footer_template":"0"},"product_brand":[],"product_cat":[21],"product_tag":[],"class_list":{"0":"post-282","1":"product","2":"type-product","3":"status-publish","4":"has-post-thumbnail","6":"product_cat-boites_vases","8":"entry","9":"has-media","11":"first","12":"instock","13":"shipping-taxable","14":"purchasable","15":"product-type-simple","16":"has-product-nav","17":"col","18":"span_1_of_3","19":"owp-content-center","20":"owp-thumbs-layout-horizontal","21":"owp-btn-normal","22":"owp-tabs-layout-horizontal"},"_links":{"self":[{"href":"https:\/\/www.latelierdemooo.fr\/index.php?rest_route=\/wp\/v2\/product\/282","targetHints":{"allow":["GET"]}}],"collection":[{"href":"https:\/\/www.latelierdemooo.fr\/index.php?rest_route=\/wp\/v2\/product"}],"about":[{"href":"https:\/\/www.latelierdemooo.fr\/index.php?rest_route=\/wp\/v2\/types\/product"}],"wp:featuredmedia":[{"embeddable":true,"href":"https:\/\/www.latelierdemooo.fr\/index.php?rest_route=\/wp\/v2\/media\/284"}],"wp:attachment":[{"href":"https:\/\/www.latelierdemooo.fr\/index.php?rest_route=%2Fwp%2Fv2%2Fmedia&parent=282"}],"wp:term":[{"taxonomy":"product_brand","embeddable":true,"href":"https:\/\/www.latelierdemooo.fr\/index.php?rest_route=%2Fwp%2Fv2%2Fproduct_brand&post=282"},{"taxonomy":"product_cat","embeddable":true,"href":"https:\/\/www.latelierdemooo.fr\/index.php?rest_route=%2Fwp%2Fv2%2Fproduct_cat&post=282"},{"taxonomy":"product_tag","embeddable":true,"href":"https:\/\/www.latelierdemooo.fr\/index.php?rest_route=%2Fwp%2Fv2%2Fproduct_tag&post=282"}],"curies":[{"name":"wp","href":"https:\/\/api.w.org\/{rel}","templated":true}]}}