{"id":292,"date":"2026-02-10T09:27:11","date_gmt":"2026-02-10T08:27:11","guid":{"rendered":"https:\/\/www.latelierdemooo.fr\/?post_type=product&#038;p=292"},"modified":"2026-02-15T14:36:36","modified_gmt":"2026-02-15T13:36:36","slug":"photophores-en-argile-lisse-blanche-emaillee-bleu-a-effets","status":"publish","type":"product","link":"https:\/\/www.latelierdemooo.fr\/?product=photophores-en-argile-lisse-blanche-emaillee-bleu-a-effets","title":{"rendered":"Photophores en Argile Lisse Blanche \u00c9maill\u00e9e Bleu \u00e0 Effets"},"content":{"rendered":"<p>Ces photophores, en argile lisse blanche, incarnent un mariage subtil entre le naturel et le travaill\u00e9. D\u2019un diam\u00e8tre de 9 cm et d\u2019une hauteur de 6 cm, ces pi\u00e8ces d\u00e9licates exhibent un \u00e9maillage bleu vibrant enrichi par des segments intentionnellement laiss\u00e9s \u00e0 l\u2019\u00e9tat brut. Ce choix esth\u00e9tique, n\u00e9 d\u2019un \u00ab\u00a0d\u00e9faut\u00a0\u00bb transform\u00e9 en signature artistique, conf\u00e8re \u00e0 chaque pi\u00e8ce une personnalit\u00e9 unique et artisanale. Le bleu \u00e9maill\u00e9 cr\u00e9e des effets visuels \u00e9voquant des cieux \u00e9toil\u00e9s, accentuant l\u2019illumination douce diffus\u00e9e par les photophores. Les parties non \u00e9maill\u00e9es ajoutent un aspect tactile et organique, enrichissant le toucher et l&rsquo;apparence du mat\u00e9riau brut. Id\u00e9al pour des ambiances chaleureuses et po\u00e9tiques, chaque photophore devient un testament de la beaut\u00e9 de l\u2019imperfection non intentionnelle, offrant un \u00e9clairage tamis\u00e9 qui ravive l\u2019ombre et la lumi\u00e8re. Pr\u00e9sent\u00e9 seul ou en s\u00e9rie, cet objet sublime un espace, tout en incarnant une philosophie de l\u2019art accessible ax\u00e9e sur la r\u00e9interpr\u00e9tation des imperfections naturelles. Adapt\u00e9 pour la d\u00e9coration int\u00e9rieure moderne ou traditionnelle, ce photophore se distingue aussi bien sur une table de salon que dans un coin de d\u00e9tente intime.<\/p>\n","protected":false},"excerpt":{"rendered":"<p>D\u00e9couvrez l\u2019\u00e9l\u00e9gance des photophores en argile lisse blanche, \u00e9maill\u00e9s de bleu avec des effets uniques. Les parties laiss\u00e9es naturelles ajoutent du charme \u00e0 ces pi\u00e8ces raffin\u00e9es de 9 cm de diam\u00e8tre.<\/p>\n","protected":false},"featured_media":294,"template":"","meta":{"ocean_post_layout":"","ocean_both_sidebars_style":"","ocean_both_sidebars_content_width":0,"ocean_both_sidebars_sidebars_width":0,"ocean_sidebar":"0","ocean_second_sidebar":"0","ocean_disable_margins":"enable","ocean_add_body_class":"","ocean_shortcode_before_top_bar":"","ocean_shortcode_after_top_bar":"","ocean_shortcode_before_header":"","ocean_shortcode_after_header":"","ocean_has_shortcode":"","ocean_shortcode_after_title":"","ocean_shortcode_before_footer_widgets":"","ocean_shortcode_after_footer_widgets":"","ocean_shortcode_before_footer_bottom":"","ocean_shortcode_after_footer_bottom":"","ocean_display_top_bar":"default","ocean_display_header":"default","ocean_header_style":"","ocean_center_header_left_menu":"0","ocean_custom_header_template":"0","ocean_custom_logo":293,"ocean_custom_retina_logo":0,"ocean_custom_logo_max_width":0,"ocean_custom_logo_tablet_max_width":0,"ocean_custom_logo_mobile_max_width":0,"ocean_custom_logo_max_height":0,"ocean_custom_logo_tablet_max_height":0,"ocean_custom_logo_mobile_max_height":0,"ocean_header_custom_menu":"0","ocean_menu_typo_font_family":"0","ocean_menu_typo_font_subset":"","ocean_menu_typo_font_size":0,"ocean_menu_typo_font_size_tablet":0,"ocean_menu_typo_font_size_mobile":0,"ocean_menu_typo_font_size_unit":"px","ocean_menu_typo_font_weight":"","ocean_menu_typo_font_weight_tablet":"","ocean_menu_typo_font_weight_mobile":"","ocean_menu_typo_transform":"","ocean_menu_typo_transform_tablet":"","ocean_menu_typo_transform_mobile":"","ocean_menu_typo_line_height":0,"ocean_menu_typo_line_height_tablet":0,"ocean_menu_typo_line_height_mobile":0,"ocean_menu_typo_line_height_unit":"","ocean_menu_typo_spacing":0,"ocean_menu_typo_spacing_tablet":0,"ocean_menu_typo_spacing_mobile":0,"ocean_menu_typo_spacing_unit":"","ocean_menu_link_color":"","ocean_menu_link_color_hover":"","ocean_menu_link_color_active":"","ocean_menu_link_background":"","ocean_menu_link_hover_background":"","ocean_menu_link_active_background":"","ocean_menu_social_links_bg":"","ocean_menu_social_hover_links_bg":"","ocean_menu_social_links_color":"","ocean_menu_social_hover_links_color":"","ocean_disable_title":"default","ocean_disable_heading":"default","ocean_post_title":"","ocean_post_subheading":"","ocean_post_title_style":"","ocean_post_title_background_color":"","ocean_post_title_background":0,"ocean_post_title_bg_image_position":"","ocean_post_title_bg_image_attachment":"","ocean_post_title_bg_image_repeat":"","ocean_post_title_bg_image_size":"","ocean_post_title_height":0,"ocean_post_title_bg_overlay":0.5,"ocean_post_title_bg_overlay_color":"","ocean_disable_breadcrumbs":"default","ocean_breadcrumbs_color":"","ocean_breadcrumbs_separator_color":"","ocean_breadcrumbs_links_color":"","ocean_breadcrumbs_links_hover_color":"","ocean_display_footer_widgets":"default","ocean_display_footer_bottom":"default","ocean_custom_footer_template":"0"},"product_brand":[],"product_cat":[15],"product_tag":[],"class_list":{"0":"post-292","1":"product","2":"type-product","3":"status-publish","4":"has-post-thumbnail","6":"product_cat-non-classe","8":"entry","9":"has-media","11":"first","12":"instock","13":"shipping-taxable","14":"purchasable","15":"product-type-simple","16":"has-product-nav","17":"col","18":"span_1_of_3","19":"owp-content-center","20":"owp-thumbs-layout-horizontal","21":"owp-btn-normal","22":"owp-tabs-layout-horizontal"},"_links":{"self":[{"href":"https:\/\/www.latelierdemooo.fr\/index.php?rest_route=\/wp\/v2\/product\/292","targetHints":{"allow":["GET"]}}],"collection":[{"href":"https:\/\/www.latelierdemooo.fr\/index.php?rest_route=\/wp\/v2\/product"}],"about":[{"href":"https:\/\/www.latelierdemooo.fr\/index.php?rest_route=\/wp\/v2\/types\/product"}],"wp:featuredmedia":[{"embeddable":true,"href":"https:\/\/www.latelierdemooo.fr\/index.php?rest_route=\/wp\/v2\/media\/294"}],"wp:attachment":[{"href":"https:\/\/www.latelierdemooo.fr\/index.php?rest_route=%2Fwp%2Fv2%2Fmedia&parent=292"}],"wp:term":[{"taxonomy":"product_brand","embeddable":true,"href":"https:\/\/www.latelierdemooo.fr\/index.php?rest_route=%2Fwp%2Fv2%2Fproduct_brand&post=292"},{"taxonomy":"product_cat","embeddable":true,"href":"https:\/\/www.latelierdemooo.fr\/index.php?rest_route=%2Fwp%2Fv2%2Fproduct_cat&post=292"},{"taxonomy":"product_tag","embeddable":true,"href":"https:\/\/www.latelierdemooo.fr\/index.php?rest_route=%2Fwp%2Fv2%2Fproduct_tag&post=292"}],"curies":[{"name":"wp","href":"https:\/\/api.w.org\/{rel}","templated":true}]}}