{"id":309,"date":"2026-02-12T09:31:44","date_gmt":"2026-02-12T08:31:44","guid":{"rendered":"https:\/\/www.latelierdemooo.fr\/?post_type=product&#038;p=309"},"modified":"2026-02-15T15:12:32","modified_gmt":"2026-02-15T14:12:32","slug":"vase-en-gres-noir-chamotte-pour-compositions-ikebana","status":"publish","type":"product","link":"https:\/\/www.latelierdemooo.fr\/?product=vase-en-gres-noir-chamotte-pour-compositions-ikebana","title":{"rendered":"Vase en Gr\u00e8s Noir Chamott\u00e9 pour Compositions Ikebana"},"content":{"rendered":"<p>Ce vase en <strong>gr\u00e8s noir chamott\u00e9<\/strong> incarne une \u00e9l\u00e9gance brute, raffin\u00e9e par un jeu de textures qui capte l&rsquo;attention. La surface du vase est une alternance harmonieuse de zones rugueuses et lisses, qui \u00e9voque la dualit\u00e9 entre la force et la s\u00e9r\u00e9nit\u00e9. Con\u00e7u pour magnifier de petites compositions ikebana, cet objet est bien plus qu&rsquo;un simple support : il devient un \u00e9l\u00e9ment int\u00e9gral de l&rsquo;\u0153uvre florale.<\/p>\n<p>Avec une <strong>hauteur de 12 cm<\/strong> et un <strong>diam\u00e8tre de 10 cm<\/strong>, ce vase compact est facile \u00e0 int\u00e9grer dans divers environnements, qu&rsquo;il s&rsquo;agisse d&rsquo;un cadre moderne ou traditionnel. Le gr\u00e8s noir, avec sa texture chamott\u00e9e, conf\u00e8re une pr\u00e9sence terrestre et organique qui contraste subtilement avec la d\u00e9licatesse des cr\u00e9ations ikebana.<\/p>\n<p>Ce vase repr\u00e9sente une r\u00e9flexion sur l&rsquo;\u00e9quilibre entre <strong>l&rsquo;art et la nature<\/strong>. Sa conception permet aux branches et fleurons de s&rsquo;\u00e9panouir en toute libert\u00e9, tout en respectant les principes esth\u00e9tiques du minimalisme japonais. Chaque courbe du vase a \u00e9t\u00e9 pens\u00e9e pour accompagner la ligne des compositions, cr\u00e9ant un dialogue constant entre le contenant et le contenu.<\/p>\n<p>Id\u00e9al pour les amateurs de <strong>c\u00e9ramique<\/strong> et d&rsquo;<strong>ikebana<\/strong>, ce vase est aussi bien une \u0153uvre d&rsquo;art qu&rsquo;un instrument de cr\u00e9ation florale, inspirant par sa texture et son design \u00e9pur\u00e9.<\/p>\n","protected":false},"excerpt":{"rendered":"<p>D\u00e9couvrez ce vase en gr\u00e8s noir chamott\u00e9, parfait pour sublimer vos compositions ikebana avec \u00e9l\u00e9gance gr\u00e2ce \u00e0 ses textures contrast\u00e9es. Hauteur : 12 cm, Diam\u00e8tre : 10 cm. <\/p>\n","protected":false},"featured_media":311,"template":"","meta":{"ocean_post_layout":"","ocean_both_sidebars_style":"","ocean_both_sidebars_content_width":0,"ocean_both_sidebars_sidebars_width":0,"ocean_sidebar":"0","ocean_second_sidebar":"0","ocean_disable_margins":"enable","ocean_add_body_class":"","ocean_shortcode_before_top_bar":"","ocean_shortcode_after_top_bar":"","ocean_shortcode_before_header":"","ocean_shortcode_after_header":"","ocean_has_shortcode":"","ocean_shortcode_after_title":"","ocean_shortcode_before_footer_widgets":"","ocean_shortcode_after_footer_widgets":"","ocean_shortcode_before_footer_bottom":"","ocean_shortcode_after_footer_bottom":"","ocean_display_top_bar":"default","ocean_display_header":"default","ocean_header_style":"","ocean_center_header_left_menu":"0","ocean_custom_header_template":"0","ocean_custom_logo":310,"ocean_custom_retina_logo":0,"ocean_custom_logo_max_width":0,"ocean_custom_logo_tablet_max_width":0,"ocean_custom_logo_mobile_max_width":0,"ocean_custom_logo_max_height":0,"ocean_custom_logo_tablet_max_height":0,"ocean_custom_logo_mobile_max_height":0,"ocean_header_custom_menu":"0","ocean_menu_typo_font_family":"0","ocean_menu_typo_font_subset":"","ocean_menu_typo_font_size":0,"ocean_menu_typo_font_size_tablet":0,"ocean_menu_typo_font_size_mobile":0,"ocean_menu_typo_font_size_unit":"px","ocean_menu_typo_font_weight":"","ocean_menu_typo_font_weight_tablet":"","ocean_menu_typo_font_weight_mobile":"","ocean_menu_typo_transform":"","ocean_menu_typo_transform_tablet":"","ocean_menu_typo_transform_mobile":"","ocean_menu_typo_line_height":0,"ocean_menu_typo_line_height_tablet":0,"ocean_menu_typo_line_height_mobile":0,"ocean_menu_typo_line_height_unit":"","ocean_menu_typo_spacing":0,"ocean_menu_typo_spacing_tablet":0,"ocean_menu_typo_spacing_mobile":0,"ocean_menu_typo_spacing_unit":"","ocean_menu_link_color":"","ocean_menu_link_color_hover":"","ocean_menu_link_color_active":"","ocean_menu_link_background":"","ocean_menu_link_hover_background":"","ocean_menu_link_active_background":"","ocean_menu_social_links_bg":"","ocean_menu_social_hover_links_bg":"","ocean_menu_social_links_color":"","ocean_menu_social_hover_links_color":"","ocean_disable_title":"default","ocean_disable_heading":"default","ocean_post_title":"","ocean_post_subheading":"","ocean_post_title_style":"","ocean_post_title_background_color":"","ocean_post_title_background":0,"ocean_post_title_bg_image_position":"","ocean_post_title_bg_image_attachment":"","ocean_post_title_bg_image_repeat":"","ocean_post_title_bg_image_size":"","ocean_post_title_height":0,"ocean_post_title_bg_overlay":0.5,"ocean_post_title_bg_overlay_color":"","ocean_disable_breadcrumbs":"default","ocean_breadcrumbs_color":"","ocean_breadcrumbs_separator_color":"","ocean_breadcrumbs_links_color":"","ocean_breadcrumbs_links_hover_color":"","ocean_display_footer_widgets":"default","ocean_display_footer_bottom":"default","ocean_custom_footer_template":"0"},"product_brand":[],"product_cat":[21],"product_tag":[],"class_list":{"0":"post-309","1":"product","2":"type-product","3":"status-publish","4":"has-post-thumbnail","6":"product_cat-boites_vases","8":"entry","9":"has-media","11":"first","12":"instock","13":"shipping-taxable","14":"purchasable","15":"product-type-simple","16":"has-product-nav","17":"col","18":"span_1_of_3","19":"owp-content-center","20":"owp-thumbs-layout-horizontal","21":"owp-btn-normal","22":"owp-tabs-layout-horizontal"},"_links":{"self":[{"href":"https:\/\/www.latelierdemooo.fr\/index.php?rest_route=\/wp\/v2\/product\/309","targetHints":{"allow":["GET"]}}],"collection":[{"href":"https:\/\/www.latelierdemooo.fr\/index.php?rest_route=\/wp\/v2\/product"}],"about":[{"href":"https:\/\/www.latelierdemooo.fr\/index.php?rest_route=\/wp\/v2\/types\/product"}],"wp:featuredmedia":[{"embeddable":true,"href":"https:\/\/www.latelierdemooo.fr\/index.php?rest_route=\/wp\/v2\/media\/311"}],"wp:attachment":[{"href":"https:\/\/www.latelierdemooo.fr\/index.php?rest_route=%2Fwp%2Fv2%2Fmedia&parent=309"}],"wp:term":[{"taxonomy":"product_brand","embeddable":true,"href":"https:\/\/www.latelierdemooo.fr\/index.php?rest_route=%2Fwp%2Fv2%2Fproduct_brand&post=309"},{"taxonomy":"product_cat","embeddable":true,"href":"https:\/\/www.latelierdemooo.fr\/index.php?rest_route=%2Fwp%2Fv2%2Fproduct_cat&post=309"},{"taxonomy":"product_tag","embeddable":true,"href":"https:\/\/www.latelierdemooo.fr\/index.php?rest_route=%2Fwp%2Fv2%2Fproduct_tag&post=309"}],"curies":[{"name":"wp","href":"https:\/\/api.w.org\/{rel}","templated":true}]}}