{"id":320,"date":"2026-02-12T09:42:35","date_gmt":"2026-02-12T08:42:35","guid":{"rendered":"https:\/\/www.latelierdemooo.fr\/?post_type=product&#038;p=320"},"modified":"2026-02-12T09:42:40","modified_gmt":"2026-02-12T08:42:40","slug":"petit-berceau-en-gres-melanges-beige-et-noir","status":"publish","type":"product","link":"https:\/\/www.latelierdemooo.fr\/?product=petit-berceau-en-gres-melanges-beige-et-noir","title":{"rendered":"Petit berceau en gr\u00e8s m\u00e9lang\u00e9s beige et noir"},"content":{"rendered":"<p>Ce petit berceau en gr\u00e8s, con\u00e7u dans un m\u00e9lange harmonieux de teintes beige et noir, \u00e9voque la beaut\u00e9 brute et authentique de la c\u00e9ramique artisanale. Avec ses dimensions compactes (H 9,5 cm, L 11,5 cm, l 10 cm), il repose avec stabilit\u00e9 sur ses quatre pieds robustes. Sa surface textur\u00e9e et irr\u00e9guli\u00e8re capture la lumi\u00e8re de mani\u00e8re subtile, cr\u00e9ant un jeu d&rsquo;ombres d\u00e9licat qui accentue son allure naturelle et organique. Con\u00e7u pour accueillir du kusamono, cet objet pr\u00e9sente un espace id\u00e9al pour des compositions v\u00e9g\u00e9tales, mettant en valeur les contrastes de couleurs et de textures. Cette pi\u00e8ce, tout en simplicit\u00e9 et rusticit\u00e9, s&rsquo;int\u00e8gre parfaitement dans un environnement zen ou minimaliste. L\u2019usage du gr\u00e8s comme mat\u00e9riau principal conf\u00e8re une durabilit\u00e9 et une r\u00e9sistance qui garantissent la p\u00e9rennit\u00e9 de cette \u0153uvre. Chaque angle et courbe du berceau semble raconter une histoire ancienne, ancrant la pi\u00e8ce \u00e0 la fois dans l&rsquo;authenticit\u00e9 de la terre et la cr\u00e9ativit\u00e9 de l\u2019artisan qui l\u2019a fa\u00e7onn\u00e9e. Parfait pour les amateurs d\u2019art oriental et de d\u00e9coration naturelle, ce berceau inspire la s\u00e9r\u00e9nit\u00e9 tout en apportant une touche de sophistication discr\u00e8te \u00e0 tout espace.<\/p>\n","protected":false},"excerpt":{"rendered":"<p>D\u00e9couvrez le petit berceau en gr\u00e8s m\u00e9lang\u00e9s beige et noir, parfait pour le kusamono, qui m\u00eale simplicit\u00e9 et beaut\u00e9 artisanale avec ses nuances naturelles et son design \u00e9pur\u00e9.<\/p>\n","protected":false},"featured_media":322,"template":"","meta":{"ocean_post_layout":"","ocean_both_sidebars_style":"","ocean_both_sidebars_content_width":0,"ocean_both_sidebars_sidebars_width":0,"ocean_sidebar":"0","ocean_second_sidebar":"0","ocean_disable_margins":"enable","ocean_add_body_class":"","ocean_shortcode_before_top_bar":"","ocean_shortcode_after_top_bar":"","ocean_shortcode_before_header":"","ocean_shortcode_after_header":"","ocean_has_shortcode":"","ocean_shortcode_after_title":"","ocean_shortcode_before_footer_widgets":"","ocean_shortcode_after_footer_widgets":"","ocean_shortcode_before_footer_bottom":"","ocean_shortcode_after_footer_bottom":"","ocean_display_top_bar":"default","ocean_display_header":"default","ocean_header_style":"","ocean_center_header_left_menu":"0","ocean_custom_header_template":"0","ocean_custom_logo":321,"ocean_custom_retina_logo":0,"ocean_custom_logo_max_width":0,"ocean_custom_logo_tablet_max_width":0,"ocean_custom_logo_mobile_max_width":0,"ocean_custom_logo_max_height":0,"ocean_custom_logo_tablet_max_height":0,"ocean_custom_logo_mobile_max_height":0,"ocean_header_custom_menu":"0","ocean_menu_typo_font_family":"0","ocean_menu_typo_font_subset":"","ocean_menu_typo_font_size":0,"ocean_menu_typo_font_size_tablet":0,"ocean_menu_typo_font_size_mobile":0,"ocean_menu_typo_font_size_unit":"px","ocean_menu_typo_font_weight":"","ocean_menu_typo_font_weight_tablet":"","ocean_menu_typo_font_weight_mobile":"","ocean_menu_typo_transform":"","ocean_menu_typo_transform_tablet":"","ocean_menu_typo_transform_mobile":"","ocean_menu_typo_line_height":0,"ocean_menu_typo_line_height_tablet":0,"ocean_menu_typo_line_height_mobile":0,"ocean_menu_typo_line_height_unit":"","ocean_menu_typo_spacing":0,"ocean_menu_typo_spacing_tablet":0,"ocean_menu_typo_spacing_mobile":0,"ocean_menu_typo_spacing_unit":"","ocean_menu_link_color":"","ocean_menu_link_color_hover":"","ocean_menu_link_color_active":"","ocean_menu_link_background":"","ocean_menu_link_hover_background":"","ocean_menu_link_active_background":"","ocean_menu_social_links_bg":"","ocean_menu_social_hover_links_bg":"","ocean_menu_social_links_color":"","ocean_menu_social_hover_links_color":"","ocean_disable_title":"default","ocean_disable_heading":"default","ocean_post_title":"","ocean_post_subheading":"","ocean_post_title_style":"","ocean_post_title_background_color":"","ocean_post_title_background":0,"ocean_post_title_bg_image_position":"","ocean_post_title_bg_image_attachment":"","ocean_post_title_bg_image_repeat":"","ocean_post_title_bg_image_size":"","ocean_post_title_height":0,"ocean_post_title_bg_overlay":0.5,"ocean_post_title_bg_overlay_color":"","ocean_disable_breadcrumbs":"default","ocean_breadcrumbs_color":"","ocean_breadcrumbs_separator_color":"","ocean_breadcrumbs_links_color":"","ocean_breadcrumbs_links_hover_color":"","ocean_display_footer_widgets":"default","ocean_display_footer_bottom":"default","ocean_custom_footer_template":"0"},"product_brand":[],"product_cat":[18],"product_tag":[],"class_list":{"0":"post-320","1":"product","2":"type-product","3":"status-publish","4":"has-post-thumbnail","6":"product_cat-kusamonos","8":"entry","9":"has-media","11":"first","12":"instock","13":"shipping-taxable","14":"purchasable","15":"product-type-simple","16":"has-product-nav","17":"col","18":"span_1_of_3","19":"owp-content-center","20":"owp-thumbs-layout-horizontal","21":"owp-btn-normal","22":"owp-tabs-layout-horizontal"},"_links":{"self":[{"href":"https:\/\/www.latelierdemooo.fr\/index.php?rest_route=\/wp\/v2\/product\/320","targetHints":{"allow":["GET"]}}],"collection":[{"href":"https:\/\/www.latelierdemooo.fr\/index.php?rest_route=\/wp\/v2\/product"}],"about":[{"href":"https:\/\/www.latelierdemooo.fr\/index.php?rest_route=\/wp\/v2\/types\/product"}],"wp:featuredmedia":[{"embeddable":true,"href":"https:\/\/www.latelierdemooo.fr\/index.php?rest_route=\/wp\/v2\/media\/322"}],"wp:attachment":[{"href":"https:\/\/www.latelierdemooo.fr\/index.php?rest_route=%2Fwp%2Fv2%2Fmedia&parent=320"}],"wp:term":[{"taxonomy":"product_brand","embeddable":true,"href":"https:\/\/www.latelierdemooo.fr\/index.php?rest_route=%2Fwp%2Fv2%2Fproduct_brand&post=320"},{"taxonomy":"product_cat","embeddable":true,"href":"https:\/\/www.latelierdemooo.fr\/index.php?rest_route=%2Fwp%2Fv2%2Fproduct_cat&post=320"},{"taxonomy":"product_tag","embeddable":true,"href":"https:\/\/www.latelierdemooo.fr\/index.php?rest_route=%2Fwp%2Fv2%2Fproduct_tag&post=320"}],"curies":[{"name":"wp","href":"https:\/\/api.w.org\/{rel}","templated":true}]}}