{"id":327,"date":"2026-02-12T09:53:39","date_gmt":"2026-02-12T08:53:39","guid":{"rendered":"https:\/\/www.latelierdemooo.fr\/?post_type=product&#038;p=327"},"modified":"2026-02-12T09:53:44","modified_gmt":"2026-02-12T08:53:44","slug":"petit-nid-en-gres-beige-pour-kusamono","status":"publish","type":"product","link":"https:\/\/www.latelierdemooo.fr\/?product=petit-nid-en-gres-beige-pour-kusamono","title":{"rendered":"Petit nid en gr\u00e8s beige pour kusamono"},"content":{"rendered":"<p>Ce sublime petit nid en <strong>gr\u00e8s beige<\/strong> \u00e9voque la simplicit\u00e9 et l&rsquo;harmonie, id\u00e9al pour accueillir un kusamono. Ses dimensions modestes &#8211; <strong>longueur<\/strong> de 14 cm, <strong>largeur<\/strong> de 8 cm, et <strong>hauteur<\/strong> de 5 cm &#8211; r\u00e9v\u00e8lent une sensibilit\u00e9 artisanale minutieuse. Quatre pieds robustes soutiennent l\u2019ensemble, offrant stabilit\u00e9 et permettant aux plantes de respirer. La texture l\u00e9g\u00e8rement rugueuse de la surface sugg\u00e8re une roche naturelle polie par le temps, tandis que sa couleur beige douce \u00e9voque la terre, berceau de toute vie.<\/p>\n<p>Le gr\u00e8s, choisi pour sa durabilit\u00e9 et sa beaut\u00e9 intemporelle, conf\u00e8re \u00e0 cette pi\u00e8ce une connexion organique avec les \u00e9l\u00e9ments. Le design asym\u00e9trique rappelle les formes spontan\u00e9es et capricieuses de la nature, apportant une touche de libert\u00e9 et d&rsquo;inattendu. Ce petit chef-d&rsquo;\u0153uvre invite \u00e0 un voyage int\u00e9rieur, o\u00f9 l&rsquo;\u0153il d\u00e9couvre sans cesse de nouveaux d\u00e9tails, une mani\u00e8re pour l\u2019artisan de jouer avec la lumi\u00e8re et l\u2019ombre.<\/p>\n<p>Parfait dans un environnement zen ou sur un support en bois, ce nid devient le refuge d&rsquo;un kusamono, une plante miniature utilis\u00e9e dans l&rsquo;art m\u00e9ditatif japonais pour \u00e9voquer les paysages. Sa pr\u00e9sence silencieuse et sa simplicit\u00e9 \u00e9l\u00e9gante en font un \u00e9l\u00e9ment central ou discret d&rsquo;un espace de vie ou de contemplation. Le mariage du naturel et de l&rsquo;artisanal incarne une philosophie de vie paisible et respectueuse de la nature.<\/p>\n","protected":false},"excerpt":{"rendered":"<p>D\u00e9couvrez le charme du petit nid en gr\u00e8s beige, con\u00e7u pour sublimer un kusamono. Ses dimensions de 14x8x5 cm et sa teinte naturelle en font un \u00e9crin parfait pour la s\u00e9r\u00e9nit\u00e9.<\/p>\n","protected":false},"featured_media":329,"template":"","meta":{"ocean_post_layout":"","ocean_both_sidebars_style":"","ocean_both_sidebars_content_width":0,"ocean_both_sidebars_sidebars_width":0,"ocean_sidebar":"0","ocean_second_sidebar":"0","ocean_disable_margins":"enable","ocean_add_body_class":"","ocean_shortcode_before_top_bar":"","ocean_shortcode_after_top_bar":"","ocean_shortcode_before_header":"","ocean_shortcode_after_header":"","ocean_has_shortcode":"","ocean_shortcode_after_title":"","ocean_shortcode_before_footer_widgets":"","ocean_shortcode_after_footer_widgets":"","ocean_shortcode_before_footer_bottom":"","ocean_shortcode_after_footer_bottom":"","ocean_display_top_bar":"default","ocean_display_header":"default","ocean_header_style":"","ocean_center_header_left_menu":"0","ocean_custom_header_template":"0","ocean_custom_logo":328,"ocean_custom_retina_logo":0,"ocean_custom_logo_max_width":0,"ocean_custom_logo_tablet_max_width":0,"ocean_custom_logo_mobile_max_width":0,"ocean_custom_logo_max_height":0,"ocean_custom_logo_tablet_max_height":0,"ocean_custom_logo_mobile_max_height":0,"ocean_header_custom_menu":"0","ocean_menu_typo_font_family":"0","ocean_menu_typo_font_subset":"","ocean_menu_typo_font_size":0,"ocean_menu_typo_font_size_tablet":0,"ocean_menu_typo_font_size_mobile":0,"ocean_menu_typo_font_size_unit":"px","ocean_menu_typo_font_weight":"","ocean_menu_typo_font_weight_tablet":"","ocean_menu_typo_font_weight_mobile":"","ocean_menu_typo_transform":"","ocean_menu_typo_transform_tablet":"","ocean_menu_typo_transform_mobile":"","ocean_menu_typo_line_height":0,"ocean_menu_typo_line_height_tablet":0,"ocean_menu_typo_line_height_mobile":0,"ocean_menu_typo_line_height_unit":"","ocean_menu_typo_spacing":0,"ocean_menu_typo_spacing_tablet":0,"ocean_menu_typo_spacing_mobile":0,"ocean_menu_typo_spacing_unit":"","ocean_menu_link_color":"","ocean_menu_link_color_hover":"","ocean_menu_link_color_active":"","ocean_menu_link_background":"","ocean_menu_link_hover_background":"","ocean_menu_link_active_background":"","ocean_menu_social_links_bg":"","ocean_menu_social_hover_links_bg":"","ocean_menu_social_links_color":"","ocean_menu_social_hover_links_color":"","ocean_disable_title":"default","ocean_disable_heading":"default","ocean_post_title":"","ocean_post_subheading":"","ocean_post_title_style":"","ocean_post_title_background_color":"","ocean_post_title_background":0,"ocean_post_title_bg_image_position":"","ocean_post_title_bg_image_attachment":"","ocean_post_title_bg_image_repeat":"","ocean_post_title_bg_image_size":"","ocean_post_title_height":0,"ocean_post_title_bg_overlay":0.5,"ocean_post_title_bg_overlay_color":"","ocean_disable_breadcrumbs":"default","ocean_breadcrumbs_color":"","ocean_breadcrumbs_separator_color":"","ocean_breadcrumbs_links_color":"","ocean_breadcrumbs_links_hover_color":"","ocean_display_footer_widgets":"default","ocean_display_footer_bottom":"default","ocean_custom_footer_template":"0"},"product_brand":[],"product_cat":[15],"product_tag":[],"class_list":{"0":"post-327","1":"product","2":"type-product","3":"status-publish","4":"has-post-thumbnail","6":"product_cat-non-classe","8":"entry","9":"has-media","11":"first","12":"instock","13":"shipping-taxable","14":"purchasable","15":"product-type-simple","16":"has-product-nav","17":"col","18":"span_1_of_3","19":"owp-content-center","20":"owp-thumbs-layout-horizontal","21":"owp-btn-normal","22":"owp-tabs-layout-horizontal"},"_links":{"self":[{"href":"https:\/\/www.latelierdemooo.fr\/index.php?rest_route=\/wp\/v2\/product\/327","targetHints":{"allow":["GET"]}}],"collection":[{"href":"https:\/\/www.latelierdemooo.fr\/index.php?rest_route=\/wp\/v2\/product"}],"about":[{"href":"https:\/\/www.latelierdemooo.fr\/index.php?rest_route=\/wp\/v2\/types\/product"}],"wp:featuredmedia":[{"embeddable":true,"href":"https:\/\/www.latelierdemooo.fr\/index.php?rest_route=\/wp\/v2\/media\/329"}],"wp:attachment":[{"href":"https:\/\/www.latelierdemooo.fr\/index.php?rest_route=%2Fwp%2Fv2%2Fmedia&parent=327"}],"wp:term":[{"taxonomy":"product_brand","embeddable":true,"href":"https:\/\/www.latelierdemooo.fr\/index.php?rest_route=%2Fwp%2Fv2%2Fproduct_brand&post=327"},{"taxonomy":"product_cat","embeddable":true,"href":"https:\/\/www.latelierdemooo.fr\/index.php?rest_route=%2Fwp%2Fv2%2Fproduct_cat&post=327"},{"taxonomy":"product_tag","embeddable":true,"href":"https:\/\/www.latelierdemooo.fr\/index.php?rest_route=%2Fwp%2Fv2%2Fproduct_tag&post=327"}],"curies":[{"name":"wp","href":"https:\/\/api.w.org\/{rel}","templated":true}]}}