{"id":350,"date":"2026-02-12T10:38:33","date_gmt":"2026-02-12T09:38:33","guid":{"rendered":"https:\/\/www.latelierdemooo.fr\/?post_type=product&#038;p=350"},"modified":"2026-02-12T10:38:38","modified_gmt":"2026-02-12T09:38:38","slug":"petits-contenants-en-gres-beige-pour-kusamono","status":"publish","type":"product","link":"https:\/\/www.latelierdemooo.fr\/?product=petits-contenants-en-gres-beige-pour-kusamono","title":{"rendered":"Petits contenants en gr\u00e8s beige pour kusamono"},"content":{"rendered":"<p>Ces petits contenants en gr\u00e8s beige captivent par leur simplicit\u00e9 rustique et leur charme naturel. Adoptant une esth\u00e9tique organique, chaque pi\u00e8ce est fa\u00e7onn\u00e9e pour accueillir des kusamono, ces compositions v\u00e9g\u00e9tales d\u00e9licates qui apportent une touche de nature int\u00e9rieure. Le premier contenant, d&rsquo;une hauteur de 5 cm et d&rsquo;un diam\u00e8tre de 7 cm, arbore une belle frise d\u00e9corative qui \u00e9voque les motifs mill\u00e9naires des civilisations anciennes. Cette frise, avec ses reliefs subtils, capte la lumi\u00e8re de mani\u00e8re envo\u00fbtante, soulignant ainsi la texture granuleuse du gr\u00e8s.<\/p>\n<p>L&rsquo;autre mod\u00e8le, plus \u00e9vas\u00e9, de 3,5 cm de hauteur et \u00e9galement 7 cm de diam\u00e8tre, propose un design \u00e9pur\u00e9 qui se marie parfaitement avec les lignes sobres des int\u00e9rieurs modernes. Ces petits pots, r\u00e9solument fonctionnels, sont id\u00e9aux pour les amateurs d\u2019ikebana recherchant \u00e0 ajouter une dimension po\u00e9tique \u00e0 leur espace de vie. <\/p>\n<p>Fabriqu\u00e9s avec soin, ces objets intemporels transmettent une \u00e9nergie sereine, parfaite pour favoriser un environnement zen et propice \u00e0 la m\u00e9ditation. Plac\u00e9s sur un rebord de fen\u00eatre baign\u00e9 de soleil ou nich\u00e9s entre des livres dans une biblioth\u00e8que, ils apporteront une touche de cr\u00e9ativit\u00e9 et de raffinement \u00e0 votre espace.<\/p>\n<p><strong>Mat\u00e9riaux utilis\u00e9s :<\/strong><\/p>\n<ul>\n<li>Gr\u00e8s beige naturel<\/li>\n<li>Technique de moulage artisanal<\/li>\n<\/ul>\n<p><strong>Usages :<\/strong><\/p>\n<ul>\n<li>Kusamono<\/li>\n<li>D\u00e9coration int\u00e9rieure<\/li>\n<\/ul>\n","protected":false},"excerpt":{"rendered":"<p>D\u00e9couvrez les petits contenants en gr\u00e8s beige, parfaits pour kusamono. Avec leur frise d\u00e9licate et leurs dimensions harmonieuses, ces pi\u00e8ces artisanales sublimeront votre d\u00e9coration int\u00e9rieure.<\/p>\n","protected":false},"featured_media":352,"template":"","meta":{"ocean_post_layout":"","ocean_both_sidebars_style":"","ocean_both_sidebars_content_width":0,"ocean_both_sidebars_sidebars_width":0,"ocean_sidebar":"0","ocean_second_sidebar":"0","ocean_disable_margins":"enable","ocean_add_body_class":"","ocean_shortcode_before_top_bar":"","ocean_shortcode_after_top_bar":"","ocean_shortcode_before_header":"","ocean_shortcode_after_header":"","ocean_has_shortcode":"","ocean_shortcode_after_title":"","ocean_shortcode_before_footer_widgets":"","ocean_shortcode_after_footer_widgets":"","ocean_shortcode_before_footer_bottom":"","ocean_shortcode_after_footer_bottom":"","ocean_display_top_bar":"default","ocean_display_header":"default","ocean_header_style":"","ocean_center_header_left_menu":"0","ocean_custom_header_template":"0","ocean_custom_logo":351,"ocean_custom_retina_logo":0,"ocean_custom_logo_max_width":0,"ocean_custom_logo_tablet_max_width":0,"ocean_custom_logo_mobile_max_width":0,"ocean_custom_logo_max_height":0,"ocean_custom_logo_tablet_max_height":0,"ocean_custom_logo_mobile_max_height":0,"ocean_header_custom_menu":"0","ocean_menu_typo_font_family":"0","ocean_menu_typo_font_subset":"","ocean_menu_typo_font_size":0,"ocean_menu_typo_font_size_tablet":0,"ocean_menu_typo_font_size_mobile":0,"ocean_menu_typo_font_size_unit":"px","ocean_menu_typo_font_weight":"","ocean_menu_typo_font_weight_tablet":"","ocean_menu_typo_font_weight_mobile":"","ocean_menu_typo_transform":"","ocean_menu_typo_transform_tablet":"","ocean_menu_typo_transform_mobile":"","ocean_menu_typo_line_height":0,"ocean_menu_typo_line_height_tablet":0,"ocean_menu_typo_line_height_mobile":0,"ocean_menu_typo_line_height_unit":"","ocean_menu_typo_spacing":0,"ocean_menu_typo_spacing_tablet":0,"ocean_menu_typo_spacing_mobile":0,"ocean_menu_typo_spacing_unit":"","ocean_menu_link_color":"","ocean_menu_link_color_hover":"","ocean_menu_link_color_active":"","ocean_menu_link_background":"","ocean_menu_link_hover_background":"","ocean_menu_link_active_background":"","ocean_menu_social_links_bg":"","ocean_menu_social_hover_links_bg":"","ocean_menu_social_links_color":"","ocean_menu_social_hover_links_color":"","ocean_disable_title":"default","ocean_disable_heading":"default","ocean_post_title":"","ocean_post_subheading":"","ocean_post_title_style":"","ocean_post_title_background_color":"","ocean_post_title_background":0,"ocean_post_title_bg_image_position":"","ocean_post_title_bg_image_attachment":"","ocean_post_title_bg_image_repeat":"","ocean_post_title_bg_image_size":"","ocean_post_title_height":0,"ocean_post_title_bg_overlay":0.5,"ocean_post_title_bg_overlay_color":"","ocean_disable_breadcrumbs":"default","ocean_breadcrumbs_color":"","ocean_breadcrumbs_separator_color":"","ocean_breadcrumbs_links_color":"","ocean_breadcrumbs_links_hover_color":"","ocean_display_footer_widgets":"default","ocean_display_footer_bottom":"default","ocean_custom_footer_template":"0"},"product_brand":[],"product_cat":[18],"product_tag":[],"class_list":{"0":"post-350","1":"product","2":"type-product","3":"status-publish","4":"has-post-thumbnail","6":"product_cat-kusamonos","8":"entry","9":"has-media","11":"first","12":"instock","13":"shipping-taxable","14":"purchasable","15":"product-type-simple","16":"has-product-nav","17":"col","18":"span_1_of_3","19":"owp-content-center","20":"owp-thumbs-layout-horizontal","21":"owp-btn-normal","22":"owp-tabs-layout-horizontal"},"_links":{"self":[{"href":"https:\/\/www.latelierdemooo.fr\/index.php?rest_route=\/wp\/v2\/product\/350","targetHints":{"allow":["GET"]}}],"collection":[{"href":"https:\/\/www.latelierdemooo.fr\/index.php?rest_route=\/wp\/v2\/product"}],"about":[{"href":"https:\/\/www.latelierdemooo.fr\/index.php?rest_route=\/wp\/v2\/types\/product"}],"wp:featuredmedia":[{"embeddable":true,"href":"https:\/\/www.latelierdemooo.fr\/index.php?rest_route=\/wp\/v2\/media\/352"}],"wp:attachment":[{"href":"https:\/\/www.latelierdemooo.fr\/index.php?rest_route=%2Fwp%2Fv2%2Fmedia&parent=350"}],"wp:term":[{"taxonomy":"product_brand","embeddable":true,"href":"https:\/\/www.latelierdemooo.fr\/index.php?rest_route=%2Fwp%2Fv2%2Fproduct_brand&post=350"},{"taxonomy":"product_cat","embeddable":true,"href":"https:\/\/www.latelierdemooo.fr\/index.php?rest_route=%2Fwp%2Fv2%2Fproduct_cat&post=350"},{"taxonomy":"product_tag","embeddable":true,"href":"https:\/\/www.latelierdemooo.fr\/index.php?rest_route=%2Fwp%2Fv2%2Fproduct_tag&post=350"}],"curies":[{"name":"wp","href":"https:\/\/api.w.org\/{rel}","templated":true}]}}