{"id":359,"date":"2026-02-12T10:45:23","date_gmt":"2026-02-12T09:45:23","guid":{"rendered":"https:\/\/www.latelierdemooo.fr\/?post_type=product&#038;p=359"},"modified":"2026-02-12T10:46:48","modified_gmt":"2026-02-12T09:46:48","slug":"vase-confetti-en-gres-rouge","status":"publish","type":"product","link":"https:\/\/www.latelierdemooo.fr\/?product=vase-confetti-en-gres-rouge","title":{"rendered":"Vase Confetti en Gr\u00e8s Rouge"},"content":{"rendered":"<p>Ce <strong>vase confetti<\/strong> en <strong>gr\u00e8s rouge<\/strong> \u00e9voque une joyeuse danse de formes et de textures, int\u00e9grant une touche ludique dans un mat\u00e9riau traditionnel. La surface du vase est parsem\u00e9e de petites sph\u00e8res, \u00e9voquant des confettis en suspension, ajoutant une dimension de profondeur et de dynamisme \u00e0 l&rsquo;ensemble. Sa teinte rouge terreuse \u00e9voque les paysages d\u00e9sertiques, tandis que sa texture rugueuse rappelle la rusticit\u00e9 de l&rsquo;artisanat ancien.<\/p>\n<h3>Design et Fabrication<\/h3>\n<p>Avec une hauteur de 6,5 cm et un diam\u00e8tre de 10 cm, ce vase compact s&rsquo;int\u00e8gre facilement dans divers environnements, que ce soit dans une installation artistique ou sur une table basse contemporaine. Le gr\u00e8s, connu pour sa robustesse et sa durabilit\u00e9, conf\u00e8re \u00e0 cette pi\u00e8ce une long\u00e9vit\u00e9 assur\u00e9e, tout en laissant transpara\u00eetre l&rsquo;authenticit\u00e9 des techniques manuelles utilis\u00e9es pour sa cr\u00e9ation.<\/p>\n<h3>Fonctionnalit\u00e9 et Esth\u00e9tique<\/h3>\n<p>Au-del\u00e0 de son aspect esth\u00e9tique, ce vase est con\u00e7u pour \u00eatre fonctionnel, accueillant aussi bien des bouquets secs que des compositions florales minimalistes. Sa pr\u00e9sence \u00e9voque un subtil \u00e9quilibre entre le naturel et le contemporain, s&rsquo;adressant aux amateurs d&rsquo;arts qui cherchent \u00e0 enrichir leur espace par des objets \u00e0 la fois esth\u00e9tiques et fonctionnels.<\/p>\n<h3>Int\u00e9gration dans votre D\u00e9cor<\/h3>\n<p>Id\u00e9al en tant que pi\u00e8ce accent dans un salon ou comme \u00e9l\u00e9ment central sur une \u00e9tag\u00e8re, ce vase en gr\u00e8s rouge apporte une chaleur et une singularit\u00e9 \u00e0 votre int\u00e9rieur. Chaque cercle qui orne sa surface est une invitation \u00e0 un dialogue entre la tradition et l&rsquo;innovation.<\/p>\n","protected":false},"excerpt":{"rendered":"<p>D\u00e9couvrez le vase confetti en gr\u00e8s rouge, une \u0153uvre artisanale alliant texture et couleur. Parfait pour enrichir votre espace avec une touche de tradition et d&rsquo;innovation.<\/p>\n","protected":false},"featured_media":361,"template":"","meta":{"ocean_post_layout":"","ocean_both_sidebars_style":"","ocean_both_sidebars_content_width":0,"ocean_both_sidebars_sidebars_width":0,"ocean_sidebar":"0","ocean_second_sidebar":"0","ocean_disable_margins":"enable","ocean_add_body_class":"","ocean_shortcode_before_top_bar":"","ocean_shortcode_after_top_bar":"","ocean_shortcode_before_header":"","ocean_shortcode_after_header":"","ocean_has_shortcode":"","ocean_shortcode_after_title":"","ocean_shortcode_before_footer_widgets":"","ocean_shortcode_after_footer_widgets":"","ocean_shortcode_before_footer_bottom":"","ocean_shortcode_after_footer_bottom":"","ocean_display_top_bar":"default","ocean_display_header":"default","ocean_header_style":"","ocean_center_header_left_menu":"0","ocean_custom_header_template":"0","ocean_custom_logo":360,"ocean_custom_retina_logo":0,"ocean_custom_logo_max_width":0,"ocean_custom_logo_tablet_max_width":0,"ocean_custom_logo_mobile_max_width":0,"ocean_custom_logo_max_height":0,"ocean_custom_logo_tablet_max_height":0,"ocean_custom_logo_mobile_max_height":0,"ocean_header_custom_menu":"0","ocean_menu_typo_font_family":"0","ocean_menu_typo_font_subset":"","ocean_menu_typo_font_size":0,"ocean_menu_typo_font_size_tablet":0,"ocean_menu_typo_font_size_mobile":0,"ocean_menu_typo_font_size_unit":"px","ocean_menu_typo_font_weight":"","ocean_menu_typo_font_weight_tablet":"","ocean_menu_typo_font_weight_mobile":"","ocean_menu_typo_transform":"","ocean_menu_typo_transform_tablet":"","ocean_menu_typo_transform_mobile":"","ocean_menu_typo_line_height":0,"ocean_menu_typo_line_height_tablet":0,"ocean_menu_typo_line_height_mobile":0,"ocean_menu_typo_line_height_unit":"","ocean_menu_typo_spacing":0,"ocean_menu_typo_spacing_tablet":0,"ocean_menu_typo_spacing_mobile":0,"ocean_menu_typo_spacing_unit":"","ocean_menu_link_color":"","ocean_menu_link_color_hover":"","ocean_menu_link_color_active":"","ocean_menu_link_background":"","ocean_menu_link_hover_background":"","ocean_menu_link_active_background":"","ocean_menu_social_links_bg":"","ocean_menu_social_hover_links_bg":"","ocean_menu_social_links_color":"","ocean_menu_social_hover_links_color":"","ocean_disable_title":"default","ocean_disable_heading":"default","ocean_post_title":"","ocean_post_subheading":"","ocean_post_title_style":"","ocean_post_title_background_color":"","ocean_post_title_background":0,"ocean_post_title_bg_image_position":"","ocean_post_title_bg_image_attachment":"","ocean_post_title_bg_image_repeat":"","ocean_post_title_bg_image_size":"","ocean_post_title_height":0,"ocean_post_title_bg_overlay":0.5,"ocean_post_title_bg_overlay_color":"","ocean_disable_breadcrumbs":"default","ocean_breadcrumbs_color":"","ocean_breadcrumbs_separator_color":"","ocean_breadcrumbs_links_color":"","ocean_breadcrumbs_links_hover_color":"","ocean_display_footer_widgets":"default","ocean_display_footer_bottom":"default","ocean_custom_footer_template":"0"},"product_brand":[],"product_cat":[21],"product_tag":[],"class_list":{"0":"post-359","1":"product","2":"type-product","3":"status-publish","4":"has-post-thumbnail","6":"product_cat-boites_vases","8":"entry","9":"has-media","11":"first","12":"instock","13":"shipping-taxable","14":"purchasable","15":"product-type-simple","16":"has-product-nav","17":"col","18":"span_1_of_3","19":"owp-content-center","20":"owp-thumbs-layout-horizontal","21":"owp-btn-normal","22":"owp-tabs-layout-horizontal"},"_links":{"self":[{"href":"https:\/\/www.latelierdemooo.fr\/index.php?rest_route=\/wp\/v2\/product\/359","targetHints":{"allow":["GET"]}}],"collection":[{"href":"https:\/\/www.latelierdemooo.fr\/index.php?rest_route=\/wp\/v2\/product"}],"about":[{"href":"https:\/\/www.latelierdemooo.fr\/index.php?rest_route=\/wp\/v2\/types\/product"}],"wp:featuredmedia":[{"embeddable":true,"href":"https:\/\/www.latelierdemooo.fr\/index.php?rest_route=\/wp\/v2\/media\/361"}],"wp:attachment":[{"href":"https:\/\/www.latelierdemooo.fr\/index.php?rest_route=%2Fwp%2Fv2%2Fmedia&parent=359"}],"wp:term":[{"taxonomy":"product_brand","embeddable":true,"href":"https:\/\/www.latelierdemooo.fr\/index.php?rest_route=%2Fwp%2Fv2%2Fproduct_brand&post=359"},{"taxonomy":"product_cat","embeddable":true,"href":"https:\/\/www.latelierdemooo.fr\/index.php?rest_route=%2Fwp%2Fv2%2Fproduct_cat&post=359"},{"taxonomy":"product_tag","embeddable":true,"href":"https:\/\/www.latelierdemooo.fr\/index.php?rest_route=%2Fwp%2Fv2%2Fproduct_tag&post=359"}],"curies":[{"name":"wp","href":"https:\/\/api.w.org\/{rel}","templated":true}]}}