{"id":375,"date":"2026-02-12T11:18:13","date_gmt":"2026-02-12T10:18:13","guid":{"rendered":"https:\/\/www.latelierdemooo.fr\/?post_type=product&#038;p=375"},"modified":"2026-02-12T11:18:19","modified_gmt":"2026-02-12T10:18:19","slug":"contenant-pour-bonsai-en-gres","status":"publish","type":"product","link":"https:\/\/www.latelierdemooo.fr\/?product=contenant-pour-bonsai-en-gres","title":{"rendered":"Contenant pour Bonsa\u00ef en Gr\u00e8s"},"content":{"rendered":"<p>Ce contenant pour bonsa\u00ef, \u00e9voque la puissance brute de la nature. Les teintes <strong>noires et beiges<\/strong> du gr\u00e8s se m\u00ealent en un motif qui rappelle les strates profondes des formations volcaniques. La texture in\u00e9gale et l\u00e9g\u00e8rement rugueuse du mat\u00e9riau lui conf\u00e8re une authenticit\u00e9 organique, semblable \u00e0 la surface d&rsquo;une pierre fa\u00e7onn\u00e9e par le temps et les \u00e9l\u00e9ments.<\/p>\n<p>Mesurant <\/p>\n<ul>\n<li>23 cm de long<\/li>\n<li>12 cm de large<\/li>\n<li>5 cm de haut<\/li>\n<\/ul>\n<p> et reposant sur quatre pieds stables, ce contenant offre une fondation solide et harmonieuse. L&rsquo;esth\u00e9tique l\u00e9g\u00e8rement asym\u00e9trique et les bords fins, presque effiloch\u00e9s, ajoutent une touche de dynamisme, soulignant l&rsquo;\u00e9quilibre entre structure et chaos, qui est au c\u0153ur de l&rsquo;art du bonsa\u00ef. Chaque angle de l&rsquo;\u0153uvre r\u00e9v\u00e8le des couches de terre cuite qui semblent s&rsquo;effriter, capturant l&rsquo;impermanence et la beaut\u00e9 naturelle du monde min\u00e9ral.<\/p>\n<p>La r\u00e9alisation en <strong>gr\u00e8s<\/strong>, un mat\u00e9riau connu pour sa r\u00e9sistance et sa durabilit\u00e9, garantit que ce contenant ne sert pas seulement \u00e0 des fins esth\u00e9tiques, mais qu&rsquo;il offre \u00e9galement un environnement ad\u00e9quat pour cultiver des bonsa\u00efs, symboles de long\u00e9vit\u00e9 et de r\u00e9silience. Ce contenant se pr\u00eate id\u00e9alement \u00e0 une exposition sur un socle en bois ou une \u00e9tag\u00e8re en verre, o\u00f9 la lumi\u00e8re peut jouer sur ses nuances subtiles, invitant \u00e0 la contemplation et \u00e0 la m\u00e9ditation.<\/p>\n","protected":false},"excerpt":{"rendered":"<p>D\u00e9couvrez ce contenant pour bonsa\u00ef en gr\u00e8s noir et beige, m\u00ealant esth\u00e9tique volcanique et fonctionnalit\u00e9. Parfait pour sublimer votre collection de bonsa\u00efs.<\/p>\n","protected":false},"featured_media":377,"template":"","meta":{"ocean_post_layout":"","ocean_both_sidebars_style":"","ocean_both_sidebars_content_width":0,"ocean_both_sidebars_sidebars_width":0,"ocean_sidebar":"0","ocean_second_sidebar":"0","ocean_disable_margins":"enable","ocean_add_body_class":"","ocean_shortcode_before_top_bar":"","ocean_shortcode_after_top_bar":"","ocean_shortcode_before_header":"","ocean_shortcode_after_header":"","ocean_has_shortcode":"","ocean_shortcode_after_title":"","ocean_shortcode_before_footer_widgets":"","ocean_shortcode_after_footer_widgets":"","ocean_shortcode_before_footer_bottom":"","ocean_shortcode_after_footer_bottom":"","ocean_display_top_bar":"default","ocean_display_header":"default","ocean_header_style":"","ocean_center_header_left_menu":"0","ocean_custom_header_template":"0","ocean_custom_logo":376,"ocean_custom_retina_logo":0,"ocean_custom_logo_max_width":0,"ocean_custom_logo_tablet_max_width":0,"ocean_custom_logo_mobile_max_width":0,"ocean_custom_logo_max_height":0,"ocean_custom_logo_tablet_max_height":0,"ocean_custom_logo_mobile_max_height":0,"ocean_header_custom_menu":"0","ocean_menu_typo_font_family":"0","ocean_menu_typo_font_subset":"","ocean_menu_typo_font_size":0,"ocean_menu_typo_font_size_tablet":0,"ocean_menu_typo_font_size_mobile":0,"ocean_menu_typo_font_size_unit":"px","ocean_menu_typo_font_weight":"","ocean_menu_typo_font_weight_tablet":"","ocean_menu_typo_font_weight_mobile":"","ocean_menu_typo_transform":"","ocean_menu_typo_transform_tablet":"","ocean_menu_typo_transform_mobile":"","ocean_menu_typo_line_height":0,"ocean_menu_typo_line_height_tablet":0,"ocean_menu_typo_line_height_mobile":0,"ocean_menu_typo_line_height_unit":"","ocean_menu_typo_spacing":0,"ocean_menu_typo_spacing_tablet":0,"ocean_menu_typo_spacing_mobile":0,"ocean_menu_typo_spacing_unit":"","ocean_menu_link_color":"","ocean_menu_link_color_hover":"","ocean_menu_link_color_active":"","ocean_menu_link_background":"","ocean_menu_link_hover_background":"","ocean_menu_link_active_background":"","ocean_menu_social_links_bg":"","ocean_menu_social_hover_links_bg":"","ocean_menu_social_links_color":"","ocean_menu_social_hover_links_color":"","ocean_disable_title":"default","ocean_disable_heading":"default","ocean_post_title":"","ocean_post_subheading":"","ocean_post_title_style":"","ocean_post_title_background_color":"","ocean_post_title_background":0,"ocean_post_title_bg_image_position":"","ocean_post_title_bg_image_attachment":"","ocean_post_title_bg_image_repeat":"","ocean_post_title_bg_image_size":"","ocean_post_title_height":0,"ocean_post_title_bg_overlay":0.5,"ocean_post_title_bg_overlay_color":"","ocean_disable_breadcrumbs":"default","ocean_breadcrumbs_color":"","ocean_breadcrumbs_separator_color":"","ocean_breadcrumbs_links_color":"","ocean_breadcrumbs_links_hover_color":"","ocean_display_footer_widgets":"default","ocean_display_footer_bottom":"default","ocean_custom_footer_template":"0"},"product_brand":[],"product_cat":[21],"product_tag":[],"class_list":{"0":"post-375","1":"product","2":"type-product","3":"status-publish","4":"has-post-thumbnail","6":"product_cat-boites_vases","8":"entry","9":"has-media","11":"first","12":"instock","13":"shipping-taxable","14":"purchasable","15":"product-type-simple","16":"has-product-nav","17":"col","18":"span_1_of_3","19":"owp-content-center","20":"owp-thumbs-layout-horizontal","21":"owp-btn-normal","22":"owp-tabs-layout-horizontal"},"_links":{"self":[{"href":"https:\/\/www.latelierdemooo.fr\/index.php?rest_route=\/wp\/v2\/product\/375","targetHints":{"allow":["GET"]}}],"collection":[{"href":"https:\/\/www.latelierdemooo.fr\/index.php?rest_route=\/wp\/v2\/product"}],"about":[{"href":"https:\/\/www.latelierdemooo.fr\/index.php?rest_route=\/wp\/v2\/types\/product"}],"wp:featuredmedia":[{"embeddable":true,"href":"https:\/\/www.latelierdemooo.fr\/index.php?rest_route=\/wp\/v2\/media\/377"}],"wp:attachment":[{"href":"https:\/\/www.latelierdemooo.fr\/index.php?rest_route=%2Fwp%2Fv2%2Fmedia&parent=375"}],"wp:term":[{"taxonomy":"product_brand","embeddable":true,"href":"https:\/\/www.latelierdemooo.fr\/index.php?rest_route=%2Fwp%2Fv2%2Fproduct_brand&post=375"},{"taxonomy":"product_cat","embeddable":true,"href":"https:\/\/www.latelierdemooo.fr\/index.php?rest_route=%2Fwp%2Fv2%2Fproduct_cat&post=375"},{"taxonomy":"product_tag","embeddable":true,"href":"https:\/\/www.latelierdemooo.fr\/index.php?rest_route=%2Fwp%2Fv2%2Fproduct_tag&post=375"}],"curies":[{"name":"wp","href":"https:\/\/api.w.org\/{rel}","templated":true}]}}